{"id":2854,"date":"2024-05-16T16:32:18","date_gmt":"2024-05-16T08:32:18","guid":{"rendered":"https:\/\/www.chillmistvape.com\/?post_type=product&#038;p=2854"},"modified":"2025-06-11T18:49:14","modified_gmt":"2025-06-11T10:49:14","slug":"cmd020","status":"publish","type":"product","link":"https:\/\/www.chillmistvape.com\/it\/product\/cmd020\/","title":{"rendered":"CMD020"},"content":{"rendered":"<p style=\"text-align: center;\"><strong><span style=\"font-family: arial, helvetica, sans-serif; font-size: 18pt; color: #171717;\">Tecnologia innovativa per una respirazione sana<\/span><\/strong><\/p>\n<p style=\"text-align: center;\"><span style=\"font-size: 14pt;\"><strong><span style=\"font-family: arial, helvetica, sans-serif; color: #141414;\">Chiama Bluetooth Musica Bluetooth Potenza di commutazione tattile Godetevi i giochi<\/span><\/strong><\/span><\/p>\n<p style=\"text-align: center;\"><img fetchpriority=\"high\" decoding=\"async\" class=\"wp-image-2856 aligncenter\" src=\"http:\/\/www.chillmistvape.com\/wp-content\/uploads\/2024\/05\/4401.jpg\" alt=\"\" width=\"1500\" height=\"2551\" srcset=\"https:\/\/www.chillmistvape.com\/wp-content\/uploads\/2024\/05\/4401.jpg 1500w, https:\/\/www.chillmistvape.com\/wp-content\/uploads\/2024\/05\/4401-176x300.jpg 176w, https:\/\/www.chillmistvape.com\/wp-content\/uploads\/2024\/05\/4401-602x1024.jpg 602w, https:\/\/www.chillmistvape.com\/wp-content\/uploads\/2024\/05\/4401-768x1306.jpg 768w, https:\/\/www.chillmistvape.com\/wp-content\/uploads\/2024\/05\/4401-903x1536.jpg 903w, https:\/\/www.chillmistvape.com\/wp-content\/uploads\/2024\/05\/4401-1204x2048.jpg 1204w, https:\/\/www.chillmistvape.com\/wp-content\/uploads\/2024\/05\/4401-600x1020.jpg 600w\" sizes=\"(max-width: 1500px) 100vw, 1500px\" \/><\/p>\n<p style=\"text-align: center;\"><strong><span style=\"font-family: arial, helvetica, sans-serif; font-size: 18pt; color: #171717;\">Chiamate Bluetooth<\/span><\/strong><\/p>\n<p style=\"text-align: center;\"><strong style=\"font-size: 14pt;\"><span style=\"font-family: arial, helvetica, sans-serif; color: #141414;\">La funzione di chiamata Bluetooth consente alla tecnologia di integrarsi nella vita quotidiana, permettendo alla comunicazione di attraversare i confini.<\/span><\/strong><\/p>\n<p style=\"text-align: center;\"><strong><span style=\"font-family: arial, helvetica, sans-serif; font-size: 18pt; color: #171717;\">Musica Yue Yan<\/span><\/strong><\/p>\n<p style=\"text-align: center;\"><strong style=\"font-size: 14pt;\"><span style=\"font-family: arial, helvetica, sans-serif; color: #141414;\">Le e-sigarette musicali Bluetooth combinano piacevoli melodie con un gusto confortevole, rendendo il puff di tutti come un concerto fisico e mentale.<\/span><\/strong><\/p>\n<p style=\"text-align: center;\"><strong><span style=\"font-family: arial, helvetica, sans-serif; font-size: 18pt; color: #171717;\">Regolazione della potenza<\/span><\/strong><\/p>\n<p style=\"text-align: center;\"><span style=\"font-size: 14pt;\"><strong><span style=\"font-family: arial, helvetica, sans-serif; color: #141414;\">Regolazione di potenza di tre livelli: delicato, confortevole e forte tocco per regolare la potenza, soddisfare le vostre diverse esigenze.<\/span><\/strong><\/span><\/p>\n<p style=\"text-align: center;\"><strong><span style=\"font-family: arial, helvetica, sans-serif; font-size: 18pt; color: #171717;\">Godetevi il gioco<\/span><\/strong><\/p>\n<p style=\"text-align: center;\"><strong style=\"font-size: 14pt;\"><span style=\"font-family: arial, helvetica, sans-serif; color: #141414;\">Si rompe attraverso la stretta integrazione di tecnologia, salute e intrattenimento, con l'obiettivo di creare una nuova esperienza di vaping.<\/span><\/strong><\/p>\n<p style=\"text-align: center;\"><strong><span style=\"font-family: arial, helvetica, sans-serif; font-size: 18pt; color: #171717;\">Festa visiva<\/span><\/strong><\/p>\n<p style=\"text-align: center;\"><strong style=\"font-size: 14pt;\"><span style=\"font-family: arial, helvetica, sans-serif; color: #141414;\">La sigaretta elettronica a schermo a colori da 2,01 pollici mette in mostra l'ingegno in ogni dettaglio, rendendo il puff pieno di tecnologia e sensazione futuristica.<\/span><\/strong><\/p>\n<p style=\"text-align: center;\"><strong><span style=\"font-family: arial, helvetica, sans-serif; font-size: 18pt; color: #171717;\">Durabilit\u00e0 a lungo termine<\/span><\/strong><\/p>\n<p style=\"text-align: center;\"><span style=\"font-size: 14pt;\"><strong><span style=\"font-family: arial, helvetica, sans-serif; color: #141414;\">Dite addio al problema della ricarica frequente e con una batteria di capacit\u00e0 super grande fino a 950mAh, date alle sigarette elettroniche una durata senza precedenti.<\/span><\/strong><\/span><\/p>\n<p style=\"text-align: center;\">\n<p>&nbsp;<\/p>\n<p>&nbsp;<\/p>\n<p style=\"text-align: center;\">\n<img decoding=\"async\" class=\"alignnone wp-image-2857 size-full aligncenter\" src=\"http:\/\/www.chillmistvape.com\/wp-content\/uploads\/2024\/05\/4402.jpg\" alt=\"\" width=\"1500\" height=\"1786\" srcset=\"https:\/\/www.chillmistvape.com\/wp-content\/uploads\/2024\/05\/4402.jpg 1500w, https:\/\/www.chillmistvape.com\/wp-content\/uploads\/2024\/05\/4402-252x300.jpg 252w, https:\/\/www.chillmistvape.com\/wp-content\/uploads\/2024\/05\/4402-860x1024.jpg 860w, https:\/\/www.chillmistvape.com\/wp-content\/uploads\/2024\/05\/4402-768x914.jpg 768w, https:\/\/www.chillmistvape.com\/wp-content\/uploads\/2024\/05\/4402-1290x1536.jpg 1290w, https:\/\/www.chillmistvape.com\/wp-content\/uploads\/2024\/05\/4402-600x714.jpg 600w\" sizes=\"(max-width: 1500px) 100vw, 1500px\" \/><\/p>\n<p style=\"text-align: center;\"><strong><span style=\"font-family: arial, helvetica, sans-serif; font-size: 18pt; color: #171717;\">Regolazione di potenza come desiderato<\/span><\/strong><\/p>\n<p style=\"text-align: center;\"><strong style=\"font-size: 14pt;\"><span style=\"font-family: arial, helvetica, sans-serif; color: #141414;\">Godetevi il fascino della tecnologia e sperimentate divertimento straordinario. La nuova generazione di sigarette elettroniche introduce un touch switching frequencymode design con un'artigianalit\u00e0 unica. Con solo un tocco delicato delle punte delle dita, \u00e8 possibile cambiare istantaneamente diverse frequenze di atomizzazione, incontrando la vostra ricerca di livelli di gusto ricchi e diversi.<\/span><\/strong><\/p>\n<p style=\"text-align: center;\"><img decoding=\"async\" class=\"alignnone wp-image-2858 size-full aligncenter\" src=\"http:\/\/www.chillmistvape.com\/wp-content\/uploads\/2024\/05\/4403.jpg\" alt=\"\" width=\"1500\" height=\"958\" srcset=\"https:\/\/www.chillmistvape.com\/wp-content\/uploads\/2024\/05\/4403.jpg 1500w, https:\/\/www.chillmistvape.com\/wp-content\/uploads\/2024\/05\/4403-300x192.jpg 300w, https:\/\/www.chillmistvape.com\/wp-content\/uploads\/2024\/05\/4403-1024x654.jpg 1024w, https:\/\/www.chillmistvape.com\/wp-content\/uploads\/2024\/05\/4403-768x490.jpg 768w, https:\/\/www.chillmistvape.com\/wp-content\/uploads\/2024\/05\/4403-600x383.jpg 600w\" sizes=\"(max-width: 1500px) 100vw, 1500px\" \/><\/p>\n<p style=\"text-align: center;\"><strong><span style=\"font-family: arial, helvetica, sans-serif; font-size: 18pt; color: #171717;\">Dialogo intelligente trasmesso con &#8220; fumo<\/span><\/strong><\/p>\n<p style=\"text-align: center;\"><strong style=\"font-size: 14pt;\"><span style=\"font-family: arial, helvetica, sans-serif; color: #141414;\">Adottando tecnologia di atomizzazione all'avanguardia, assicurando che ogni morso sia delicato e liscio, rendendo il vostro viaggio del gusto pi\u00f9 sano e senza preoccupazioni. Allo stesso tempo, con un modulo Bluetooth integrato ad alta sensibilit\u00e0, pu\u00f2 essere perfettamente accoppiato con il tuo telefono con un solo clic, sia che sia&#8217; s per negoziati commerciali o tempo libero. Con solo una leggera stampa, non&#8217; t bisogno di togliere il telefono, e si pu\u00f2 godere di un'esperienza di chiamata chiara e fluida.<\/span><\/strong><\/p>\n<p style=\"text-align: center;\"><strong style=\"font-size: 14pt;\"><span style=\"font-family: arial, helvetica, sans-serif; color: #141414;\">Chiamate Bluetooth \/ Dialing con un solo clic \/ Sincronizzazione contatti \/ Suono originale ad alta definizione<\/span><\/strong><img loading=\"lazy\" decoding=\"async\" class=\"alignnone wp-image-2859 size-full aligncenter\" src=\"http:\/\/www.chillmistvape.com\/wp-content\/uploads\/2024\/05\/4404.jpg\" alt=\"\" width=\"1500\" height=\"1080\" srcset=\"https:\/\/www.chillmistvape.com\/wp-content\/uploads\/2024\/05\/4404.jpg 1500w, https:\/\/www.chillmistvape.com\/wp-content\/uploads\/2024\/05\/4404-300x216.jpg 300w, https:\/\/www.chillmistvape.com\/wp-content\/uploads\/2024\/05\/4404-1024x737.jpg 1024w, https:\/\/www.chillmistvape.com\/wp-content\/uploads\/2024\/05\/4404-768x553.jpg 768w, https:\/\/www.chillmistvape.com\/wp-content\/uploads\/2024\/05\/4404-600x432.jpg 600w\" sizes=\"(max-width: 1500px) 100vw, 1500px\" \/><\/p>\n<p style=\"text-align: center;\"><strong><span style=\"font-family: arial, helvetica, sans-serif; font-size: 18pt; color: #171717;\">Divertimento a lungo termine e senza preoccupazioni<\/span><\/strong><\/p>\n<p style=\"text-align: center;\"><strong style=\"font-size: 14pt;\"><span style=\"font-family: arial, helvetica, sans-serif; color: #141414;\">Dite addio al fastidio della ricarica frequente, e con una batteria di grande capacit\u00e0 fino a 950mAh, dare e-sigarette senza precedenti durata, sia che&#8217; s per la compagnia all-weather o escursioni a breve termine per soddisfare le vostre esigenze di uso a lungo termine. Un sistema di gestione dell\u2019energia ottimizzato riduce effettivamente il consumo energetico, consentendo che ogni minuto di elettricit\u00e0 sia pienamente utilizzato, garantendo che ogni inalazione sia piena e completa.<br \/>\nabbondante come la prima volta.<\/span><\/strong><\/p>\n<p style=\"text-align: center;\"><strong style=\"font-size: 14pt;\"><span style=\"font-family: arial, helvetica, sans-serif; color: #141414;\">950 mAh<br \/>\nCapacit\u00e0 della batteria<\/span><\/strong><\/p>\n<p style=\"text-align: center;\"><strong style=\"font-size: 14pt;\"><span style=\"font-family: arial, helvetica, sans-serif; color: #141414;\">Durata lunga<\/span><\/strong><\/p>\n<p style=\"text-align: center;\"><img loading=\"lazy\" decoding=\"async\" class=\"alignnone wp-image-2860 size-full aligncenter\" src=\"http:\/\/www.chillmistvape.com\/wp-content\/uploads\/2024\/05\/4405.jpg\" alt=\"\" width=\"1500\" height=\"961\" srcset=\"https:\/\/www.chillmistvape.com\/wp-content\/uploads\/2024\/05\/4405.jpg 1500w, https:\/\/www.chillmistvape.com\/wp-content\/uploads\/2024\/05\/4405-300x192.jpg 300w, https:\/\/www.chillmistvape.com\/wp-content\/uploads\/2024\/05\/4405-1024x656.jpg 1024w, https:\/\/www.chillmistvape.com\/wp-content\/uploads\/2024\/05\/4405-768x492.jpg 768w, https:\/\/www.chillmistvape.com\/wp-content\/uploads\/2024\/05\/4405-600x384.jpg 600w\" sizes=\"(max-width: 1500px) 100vw, 1500px\" \/><\/p>\n<p style=\"text-align: center;\"><strong><span style=\"font-family: arial, helvetica, sans-serif; font-size: 18pt; color: #171717;\">Godetevi al massimo la musica e il fumo<\/span><\/strong><\/p>\n<p style=\"text-align: center;\"><strong style=\"font-size: 14pt;\"><span style=\"font-family: arial, helvetica, sans-serif; color: #141414;\">Lasciate che la melodia piacevole e il gusto confortevole si intrecciano, rendendo ogni aspirazione come un concerto di corpo e mente. Da allora in poi, il fumo non \u00e8 pi\u00f9 una singola azione abituale, ma un\u2019esperienza completa che integra il piacere visivo e uditivo, aprendo per te un nuovo modo di vivere. Godetevi la vita, da questo momento in poi, lasciate che la musica balli con voi, e lasciate che salute e moda vadano di pari passo.<\/span><\/strong><\/p>\n<p style=\"text-align: center;\"><img loading=\"lazy\" decoding=\"async\" class=\"alignnone wp-image-2861 size-full aligncenter\" src=\"http:\/\/www.chillmistvape.com\/wp-content\/uploads\/2024\/05\/4406.jpg\" alt=\"\" width=\"1500\" height=\"1188\" srcset=\"https:\/\/www.chillmistvape.com\/wp-content\/uploads\/2024\/05\/4406.jpg 1500w, https:\/\/www.chillmistvape.com\/wp-content\/uploads\/2024\/05\/4406-300x238.jpg 300w, https:\/\/www.chillmistvape.com\/wp-content\/uploads\/2024\/05\/4406-1024x811.jpg 1024w, https:\/\/www.chillmistvape.com\/wp-content\/uploads\/2024\/05\/4406-768x608.jpg 768w, https:\/\/www.chillmistvape.com\/wp-content\/uploads\/2024\/05\/4406-600x475.jpg 600w\" sizes=\"(max-width: 1500px) 100vw, 1500px\" \/><\/p>\n<p style=\"text-align: center;\"><strong><span style=\"font-family: arial, helvetica, sans-serif; font-size: 18pt; color: #171717;\">Dominare il visivo<\/span><\/strong><\/p>\n<p style=\"text-align: center;\"><strong><span style=\"font-family: arial, helvetica, sans-serif; font-size: 18pt; color: #171717;\">Festa con una mano<\/span><\/strong><\/p>\n<p style=\"text-align: center;\">\n<img loading=\"lazy\" decoding=\"async\" class=\"alignnone wp-image-2862 size-full aligncenter\" src=\"http:\/\/www.chillmistvape.com\/wp-content\/uploads\/2024\/05\/4407.jpg\" alt=\"\" width=\"1500\" height=\"1026\" srcset=\"https:\/\/www.chillmistvape.com\/wp-content\/uploads\/2024\/05\/4407.jpg 1500w, https:\/\/www.chillmistvape.com\/wp-content\/uploads\/2024\/05\/4407-300x205.jpg 300w, https:\/\/www.chillmistvape.com\/wp-content\/uploads\/2024\/05\/4407-1024x700.jpg 1024w, https:\/\/www.chillmistvape.com\/wp-content\/uploads\/2024\/05\/4407-768x525.jpg 768w, https:\/\/www.chillmistvape.com\/wp-content\/uploads\/2024\/05\/4407-600x410.jpg 600w\" sizes=\"(max-width: 1500px) 100vw, 1500px\" \/><\/p>\n<p style=\"text-align: center;\"><strong><span style=\"font-family: arial, helvetica, sans-serif; font-size: 18pt; color: #171717;\">Il fumo accompagna il mondo del gioco<\/span><\/strong><\/p>\n<p style=\"text-align: center;\"><strong style=\"font-size: 14pt;\"><span style=\"font-family: arial, helvetica, sans-serif; color: #141414;\">Dotato di esclusivi moduli di gioco personalizzati, ogni aspirazione si trasforma in un'avventura coinvolgente. Attraverso lo schermo touch ad alta definizione, \u00e8 possibile godere di vari giochi emozionanti in qualsiasi momento, sia che&#8217; giochi casualpiccoli o livelli di sfida strategica. Con solo un leggero tocco di te-sigaretta, \u00e8 possibile iniziare in modo sincrono il mondo del gioco, rendendo ogni sguardo di fumo pieno della gioia della vittoria.<\/span><\/strong><\/p>\n<p>&nbsp;<\/p>\n<p style=\"text-align: center;\"><img loading=\"lazy\" decoding=\"async\" class=\"alignnone wp-image-2863 size-full aligncenter\" src=\"http:\/\/www.chillmistvape.com\/wp-content\/uploads\/2024\/05\/4408.jpg\" alt=\"\" width=\"1500\" height=\"987\" srcset=\"https:\/\/www.chillmistvape.com\/wp-content\/uploads\/2024\/05\/4408.jpg 1500w, https:\/\/www.chillmistvape.com\/wp-content\/uploads\/2024\/05\/4408-300x197.jpg 300w, https:\/\/www.chillmistvape.com\/wp-content\/uploads\/2024\/05\/4408-1024x674.jpg 1024w, https:\/\/www.chillmistvape.com\/wp-content\/uploads\/2024\/05\/4408-768x505.jpg 768w, https:\/\/www.chillmistvape.com\/wp-content\/uploads\/2024\/05\/4408-600x395.jpg 600w\" sizes=\"(max-width: 1500px) 100vw, 1500px\" \/><\/p>\n<p style=\"text-align: center;\"><strong><span style=\"font-family: arial, helvetica, sans-serif; font-size: 18pt; color: #171717;\">18ML E-JUICE<br \/>\nFino a 18000 PUFFS<br \/>\n950 MAH<br \/>\nCOIL DUAL MESH<\/span><\/strong><\/p>\n<p style=\"text-align: center;\"><img loading=\"lazy\" decoding=\"async\" class=\"alignnone wp-image-2864 size-full aligncenter\" src=\"http:\/\/www.chillmistvape.com\/wp-content\/uploads\/2024\/05\/4409.jpg\" alt=\"\" width=\"1500\" height=\"1301\" srcset=\"https:\/\/www.chillmistvape.com\/wp-content\/uploads\/2024\/05\/4409.jpg 1500w, https:\/\/www.chillmistvape.com\/wp-content\/uploads\/2024\/05\/4409-300x260.jpg 300w, https:\/\/www.chillmistvape.com\/wp-content\/uploads\/2024\/05\/4409-1024x888.jpg 1024w, https:\/\/www.chillmistvape.com\/wp-content\/uploads\/2024\/05\/4409-768x666.jpg 768w, https:\/\/www.chillmistvape.com\/wp-content\/uploads\/2024\/05\/4409-600x520.jpg 600w\" sizes=\"(max-width: 1500px) 100vw, 1500px\" \/> <img loading=\"lazy\" decoding=\"async\" class=\"alignnone wp-image-2865 size-full aligncenter\" src=\"http:\/\/www.chillmistvape.com\/wp-content\/uploads\/2024\/05\/4410.jpg\" alt=\"\" width=\"1500\" height=\"1227\" srcset=\"https:\/\/www.chillmistvape.com\/wp-content\/uploads\/2024\/05\/4410.jpg 1500w, https:\/\/www.chillmistvape.com\/wp-content\/uploads\/2024\/05\/4410-300x245.jpg 300w, https:\/\/www.chillmistvape.com\/wp-content\/uploads\/2024\/05\/4410-1024x838.jpg 1024w, https:\/\/www.chillmistvape.com\/wp-content\/uploads\/2024\/05\/4410-768x628.jpg 768w, https:\/\/www.chillmistvape.com\/wp-content\/uploads\/2024\/05\/4410-600x491.jpg 600w\" sizes=\"(max-width: 1500px) 100vw, 1500px\" \/><\/p>\n<p style=\"text-align: center;\"><strong><span style=\"font-family: arial, helvetica, sans-serif; font-size: 18pt; color: #171717;\">Diverse scelte di sapore per provare una vita colorata<\/span><\/strong><\/p>\n<p style=\"text-align: center;\"><strong style=\"font-size: 14pt;\"><span style=\"font-family: arial, helvetica, sans-serif; color: #141414;\">Scegli i tuoi colori preferiti, mescola i tuoi sapori preferiti e goditi appieno della salute e del divertimento portato dalla tecnologia, interpretando un capitolo colorato della tua vita.<\/span><\/strong><\/p>\n<p>&nbsp;<\/p>\n<p style=\"text-align: center;\"><strong><span style=\"font-family: arial, helvetica, sans-serif; font-size: 18pt; color: #171717;\">Parametri del prodotto<\/span><\/strong><\/p>\n<p style=\"text-align: center;\"><strong style=\"font-size: 14pt;\"><span style=\"font-family: arial, helvetica, sans-serif; color: #141414;\"><strong><span style=\"font-family: arial, helvetica, sans-serif; font-size: 18pt; color: #171717;\">Dual MeshCoil 15ML 950mAh 18000Puffs<\/span><\/strong><\/span><\/strong><\/p>\n<p style=\"text-align: center;\">\n<p style=\"text-align: center;\"><strong style=\"font-size: 14pt;\"><span style=\"font-family: arial, helvetica, sans-serif; color: #141414;\">SPECIFICAZIONI:<br \/>\nDimensioni: 23mm * 50mm * 100mm<\/span><\/strong><\/p>\n<p style=\"text-align: center;\"><strong style=\"font-size: 14pt;\"><span style=\"font-family: arial, helvetica, sans-serif; color: #141414;\">Capacit\u00e0 liquida elettronica: 15mL<\/span><\/strong><\/p>\n<p style=\"text-align: center;\"><strong style=\"font-size: 14pt;\"><span style=\"font-family: arial, helvetica, sans-serif; color: #141414;\">Valore di resistenza del filo di riscaldamento: 0.8\u03a9<\/span><\/strong><\/p>\n<p style=\"text-align: center;\"><strong style=\"font-size: 14pt;\"><span style=\"font-family: arial, helvetica, sans-serif; color: #141414;\">QNumero di porte di aspirazione: fino a 18000 Puffs<\/span><\/strong><\/p>\n<p style=\"text-align: center;\"><strong style=\"font-size: 14pt;\"><span style=\"font-family: arial, helvetica, sans-serif; color: #141414;\">Capacit\u00e0 della batteria: 950mAh<\/span><\/strong><\/p>\n<p style=\"text-align: center;\"><strong style=\"font-size: 14pt;\"><span style=\"font-family: arial, helvetica, sans-serif; color: #141414;\">Porta di ricarica: Tipo-C<\/span><\/strong><\/p>\n<p style=\"text-align: center;\">\n<img loading=\"lazy\" decoding=\"async\" class=\"alignnone size-full wp-image-3576 aligncenter\" src=\"http:\/\/www.chillmistvape.com\/wp-content\/uploads\/2024\/05\/\u7535\u5b50\u70df\u82f1\u6587\u8be6\u60c5_02.jpg\" alt=\"\" width=\"1500\" height=\"829\" srcset=\"https:\/\/www.chillmistvape.com\/wp-content\/uploads\/2024\/05\/\u7535\u5b50\u70df\u82f1\u6587\u8be6\u60c5_02.jpg 1500w, https:\/\/www.chillmistvape.com\/wp-content\/uploads\/2024\/05\/\u7535\u5b50\u70df\u82f1\u6587\u8be6\u60c5_02-300x166.jpg 300w, https:\/\/www.chillmistvape.com\/wp-content\/uploads\/2024\/05\/\u7535\u5b50\u70df\u82f1\u6587\u8be6\u60c5_02-1024x566.jpg 1024w, https:\/\/www.chillmistvape.com\/wp-content\/uploads\/2024\/05\/\u7535\u5b50\u70df\u82f1\u6587\u8be6\u60c5_02-768x424.jpg 768w, https:\/\/www.chillmistvape.com\/wp-content\/uploads\/2024\/05\/\u7535\u5b50\u70df\u82f1\u6587\u8be6\u60c5_02-600x332.jpg 600w\" sizes=\"(max-width: 1500px) 100vw, 1500px\" \/><\/p>","protected":false},"excerpt":{"rendered":"<p>Innovative technology for healthy breathing Bluetooth calling Bluetooth music Touch switching power Enjoy gaming Bluetooth calling Bluetooth calling function allows technologyto integrate into daily life, allowingcommunication to cross boundaries. Music Yue Yan Bluetooth music e-cigarettes blend pleasantmelodies with a comfortable taste, makingevery puff feel like a physical andmental concert. Power regulation Three level power adjustment: [&hellip;]<\/p>\n","protected":false},"featured_media":2875,"comment_status":"open","ping_status":"closed","template":"","meta":{"_acf_changed":false},"product_brand":[],"product_cat":[15,49],"product_tag":[],"class_list":{"0":"post-2854","1":"product","2":"type-product","3":"status-publish","4":"has-post-thumbnail","6":"product_cat-disposables","7":"product_cat-new-arrival","9":"first","10":"instock","11":"shipping-taxable","12":"product-type-simple"},"acf":[],"_links":{"self":[{"href":"https:\/\/www.chillmistvape.com\/it\/wp-json\/wp\/v2\/product\/2854","targetHints":{"allow":["GET"]}}],"collection":[{"href":"https:\/\/www.chillmistvape.com\/it\/wp-json\/wp\/v2\/product"}],"about":[{"href":"https:\/\/www.chillmistvape.com\/it\/wp-json\/wp\/v2\/types\/product"}],"replies":[{"embeddable":true,"href":"https:\/\/www.chillmistvape.com\/it\/wp-json\/wp\/v2\/comments?post=2854"}],"wp:featuredmedia":[{"embeddable":true,"href":"https:\/\/www.chillmistvape.com\/it\/wp-json\/wp\/v2\/media\/2875"}],"wp:attachment":[{"href":"https:\/\/www.chillmistvape.com\/it\/wp-json\/wp\/v2\/media?parent=2854"}],"wp:term":[{"taxonomy":"product_brand","embeddable":true,"href":"https:\/\/www.chillmistvape.com\/it\/wp-json\/wp\/v2\/product_brand?post=2854"},{"taxonomy":"product_cat","embeddable":true,"href":"https:\/\/www.chillmistvape.com\/it\/wp-json\/wp\/v2\/product_cat?post=2854"},{"taxonomy":"product_tag","embeddable":true,"href":"https:\/\/www.chillmistvape.com\/it\/wp-json\/wp\/v2\/product_tag?post=2854"}],"curies":[{"name":"WP","href":"https:\/\/api.w.org\/{rel}","templated":true}]}}