{"id":4265,"date":"2024-12-10T16:56:06","date_gmt":"2024-12-10T08:56:06","guid":{"rendered":"https:\/\/www.chillmistvape.com\/?post_type=product&#038;p=4265"},"modified":"2025-11-06T14:44:41","modified_gmt":"2025-11-06T06:44:41","slug":"cmp006","status":"publish","type":"product","link":"https:\/\/www.chillmistvape.com\/it\/product\/cmp006\/","title":{"rendered":"CMP006"},"content":{"rendered":"<p style=\"text-align: center;\"><strong><span style=\"font-family: arial, helvetica, sans-serif; font-size: 18pt; color: #171717;\">TECHNOLOGIA INNOVATIVA DI VAPO INTELLEGENTE PER IL VAPO DI PLEASER<\/span><\/strong><\/p>\n<p style=\"text-align: center;\"><span style=\"color: #171717; font-size: 18pt;\"><strong><span style=\"font-family: arial, helvetica, sans-serif;\">1000+500MAHBATTERIA<\/span><\/strong><\/span><\/p>\n<p style=\"text-align: center;\"><span style=\"color: #171717; font-size: 18pt;\"><strong><span style=\"font-family: arial, helvetica, sans-serif;\">2.01202HSCREEN<\/span><\/strong><\/span><\/p>\n<p><img fetchpriority=\"high\" decoding=\"async\" class=\"aligncenter size-full wp-image-4266\" src=\"http:\/\/www.chillmistvape.com\/wp-content\/uploads\/2024\/12\/123_01.jpg\" alt=\"\" width=\"1280\" height=\"858\" srcset=\"https:\/\/www.chillmistvape.com\/wp-content\/uploads\/2024\/12\/123_01.jpg 1280w, https:\/\/www.chillmistvape.com\/wp-content\/uploads\/2024\/12\/123_01-300x201.jpg 300w, https:\/\/www.chillmistvape.com\/wp-content\/uploads\/2024\/12\/123_01-1024x686.jpg 1024w, https:\/\/www.chillmistvape.com\/wp-content\/uploads\/2024\/12\/123_01-768x515.jpg 768w, https:\/\/www.chillmistvape.com\/wp-content\/uploads\/2024\/12\/123_01-600x402.jpg 600w\" sizes=\"(max-width: 1280px) 100vw, 1280px\" \/><\/p>\n<p style=\"text-align: center;\"><strong><span style=\"font-family: arial, helvetica, sans-serif; font-size: 18pt; color: #171717;\">SV25 POD prefilto<\/span><\/strong><\/p>\n<p style=\"text-align: center;\"><strong><span style=\"font-family: arial, helvetica, sans-serif; font-size: 18pt; color: #171717;\">10000-18000PUFFS<\/span><\/strong><\/p>\n<p style=\"text-align: center;\"><strong><span style=\"font-family: arial, helvetica, sans-serif; font-size: 18pt; color: #171717;\">POD che possono essere utilizzati da soli<br \/>\nAnche senza sostegno della batteria, pu\u00f2 soddisfare i vostri gusti<\/span><\/strong><\/p>\n<p>&nbsp;<\/p>\n<p><img decoding=\"async\" class=\"aligncenter size-full wp-image-4267\" src=\"http:\/\/www.chillmistvape.com\/wp-content\/uploads\/2024\/12\/123_02.jpg\" alt=\"\" width=\"1280\" height=\"729\" srcset=\"https:\/\/www.chillmistvape.com\/wp-content\/uploads\/2024\/12\/123_02.jpg 1280w, https:\/\/www.chillmistvape.com\/wp-content\/uploads\/2024\/12\/123_02-300x171.jpg 300w, https:\/\/www.chillmistvape.com\/wp-content\/uploads\/2024\/12\/123_02-1024x583.jpg 1024w, https:\/\/www.chillmistvape.com\/wp-content\/uploads\/2024\/12\/123_02-768x437.jpg 768w, https:\/\/www.chillmistvape.com\/wp-content\/uploads\/2024\/12\/123_02-600x342.jpg 600w\" sizes=\"(max-width: 1280px) 100vw, 1280px\" \/><\/p>\n<p style=\"text-align: center;\"><strong><span style=\"font-family: arial, helvetica, sans-serif; font-size: 18pt; color: #171717;\">CALLING INNOVATIVA, COMMUNICAZIONE CON I CLOUD<br \/>\n<\/span><\/strong><span style=\"font-family: arial, helvetica, sans-serif; font-size: 18pt; color: #171717;\"><span style=\"font-size: 14pt;\">Il primo dispositivo \u00e8 dotato di un modulo Bluetoo.th integrato ad alta sensibilit\u00e0 che pu\u00f2 essere perfettamente accoppiato con il tuo telefono. Se \u00e8&#8217; s per negoziati d'affari o tempo libero, con solo una gentlepress senza tirare il telefono fuori dalla tasca, puoi goderti un reattivo e liscio <\/span><\/span><span style=\"font-family: arial, helvetica, sans-serif; font-size: 18pt; color: #171717;\"><span style=\"font-size: 14pt;\">chiamando<\/span><\/span><\/p>\n<p style=\"text-align: center;\"><strong><span style=\"font-family: arial, helvetica, sans-serif; font-size: 18pt; color: #171717;\">Bluetoothchalling \/ One-ClickDialing \/ ContattiSincronizzazione \/ CrispSounding<\/span><\/strong><\/p>\n<p>&nbsp;<\/p>\n<p><img decoding=\"async\" class=\"aligncenter size-full wp-image-4268\" src=\"http:\/\/www.chillmistvape.com\/wp-content\/uploads\/2024\/12\/123_03.jpg\" alt=\"\" width=\"1280\" height=\"980\" srcset=\"https:\/\/www.chillmistvape.com\/wp-content\/uploads\/2024\/12\/123_03.jpg 1280w, https:\/\/www.chillmistvape.com\/wp-content\/uploads\/2024\/12\/123_03-300x230.jpg 300w, https:\/\/www.chillmistvape.com\/wp-content\/uploads\/2024\/12\/123_03-1024x784.jpg 1024w, https:\/\/www.chillmistvape.com\/wp-content\/uploads\/2024\/12\/123_03-768x588.jpg 768w, https:\/\/www.chillmistvape.com\/wp-content\/uploads\/2024\/12\/123_03-600x459.jpg 600w\" sizes=\"(max-width: 1280px) 100vw, 1280px\" \/><\/p>\n<p style=\"text-align: center;\"><strong><span style=\"font-family: arial, helvetica, sans-serif; font-size: 18pt; color: #171717;\">Regolazione di potenza infinita<br \/>\n<\/span><\/strong><span style=\"font-family: arial, helvetica, sans-serif; font-size: 18pt; color: #171717;\"><span style=\"font-size: 14pt;\">Prova livelli di regolazione infiniti che si adattano a tutti i tuoi desideri e esigenze con lo schermo touch innovativo.<\/span><\/span><\/p>\n<p style=\"text-align: center;\"><strong><span style=\"font-family: arial, helvetica, sans-serif; font-size: 18pt; color: #171717;\">Passare rapidamente tra la modalit\u00e0 Boost e Normal<\/span><\/strong><\/p>\n<p>&nbsp;<\/p>\n<p><img loading=\"lazy\" decoding=\"async\" class=\"aligncenter size-full wp-image-4269\" src=\"http:\/\/www.chillmistvape.com\/wp-content\/uploads\/2024\/12\/123_04.jpg\" alt=\"\" width=\"1280\" height=\"971\" srcset=\"https:\/\/www.chillmistvape.com\/wp-content\/uploads\/2024\/12\/123_04.jpg 1280w, https:\/\/www.chillmistvape.com\/wp-content\/uploads\/2024\/12\/123_04-300x228.jpg 300w, https:\/\/www.chillmistvape.com\/wp-content\/uploads\/2024\/12\/123_04-1024x777.jpg 1024w, https:\/\/www.chillmistvape.com\/wp-content\/uploads\/2024\/12\/123_04-768x583.jpg 768w, https:\/\/www.chillmistvape.com\/wp-content\/uploads\/2024\/12\/123_04-600x455.jpg 600w\" sizes=\"(max-width: 1280px) 100vw, 1280px\" \/><\/p>\n<p style=\"text-align: center;\"><strong><span style=\"font-family: arial, helvetica, sans-serif; font-size: 18pt; color: #171717;\">VIBING CON BATTS, STILI VAPINGINI<br \/>\n<\/span><\/strong><span style=\"font-family: arial, helvetica, sans-serif; font-size: 18pt; color: #171717;\"><span style=\"font-size: 14pt;\">Lasciate che la melodia piacevole e il gusto confortevole si intrecciano, facendo sentire tutti come un concerto per i vostri spiriti. Da ora in poi, il vaping non \u00e8 pi\u00f9 solo un'azione abituale ma un'esperienza completa che integra il piacere di tutti i sensi, aprendo un livello pi\u00f9 alto di stile di vita per te. Da questo momento in poi, lasciate che la musica balli con voi, e lasciate &#8216; cloud e stile ti accompagnano nel viaggio.<\/span><\/span><\/p>\n<p><img loading=\"lazy\" decoding=\"async\" class=\"aligncenter size-full wp-image-4270\" src=\"http:\/\/www.chillmistvape.com\/wp-content\/uploads\/2024\/12\/123_05.jpg\" alt=\"\" width=\"1280\" height=\"972\" srcset=\"https:\/\/www.chillmistvape.com\/wp-content\/uploads\/2024\/12\/123_05.jpg 1280w, https:\/\/www.chillmistvape.com\/wp-content\/uploads\/2024\/12\/123_05-300x228.jpg 300w, https:\/\/www.chillmistvape.com\/wp-content\/uploads\/2024\/12\/123_05-1024x778.jpg 1024w, https:\/\/www.chillmistvape.com\/wp-content\/uploads\/2024\/12\/123_05-768x583.jpg 768w, https:\/\/www.chillmistvape.com\/wp-content\/uploads\/2024\/12\/123_05-600x456.jpg 600w\" sizes=\"(max-width: 1280px) 100vw, 1280px\" \/><\/p>\n<p style=\"text-align: center;\"><strong><span style=\"font-family: arial, helvetica, sans-serif; font-size: 18pt; color: #171717;\">FESTA VISUALE: CONTROLLO DEL SEIZE<br \/>\n<\/span><\/strong><span style=\"font-family: arial, helvetica, sans-serif; font-size: 18pt; color: #171717;\"><span style=\"font-size: 14pt;\">Gaming in the Palm, Chilling with the Cloud: Con lo schermo touch ad alta definizione, puoi goderti una variet\u00e0 di giochi emozionanti in qualsiasi momento. Se \u00e8&#8217; re mini-giochi casuali o livelli di sfida strategica, con un tocco di vaporizzazione, puoi immergerti sincronicamente nel mondo del gioco.<\/span><\/span><\/p>\n<p><img loading=\"lazy\" decoding=\"async\" class=\"aligncenter size-full wp-image-4271\" src=\"http:\/\/www.chillmistvape.com\/wp-content\/uploads\/2024\/12\/123_06.jpg\" alt=\"\" width=\"1280\" height=\"963\" srcset=\"https:\/\/www.chillmistvape.com\/wp-content\/uploads\/2024\/12\/123_06.jpg 1280w, https:\/\/www.chillmistvape.com\/wp-content\/uploads\/2024\/12\/123_06-300x226.jpg 300w, https:\/\/www.chillmistvape.com\/wp-content\/uploads\/2024\/12\/123_06-1024x770.jpg 1024w, https:\/\/www.chillmistvape.com\/wp-content\/uploads\/2024\/12\/123_06-768x578.jpg 768w, https:\/\/www.chillmistvape.com\/wp-content\/uploads\/2024\/12\/123_06-600x451.jpg 600w\" sizes=\"(max-width: 1280px) 100vw, 1280px\" \/><\/p>\n<p style=\"text-align: center;\"><strong><span style=\"font-family: arial, helvetica, sans-serif; font-size: 18pt; color: #171717;\">KIT SMART VAPE POD SPECIFICAZIONI:<br \/>\n<\/span><\/strong><span style=\"font-family: arial, helvetica, sans-serif; font-size: 18pt; color: #171717;\"><span style=\"font-size: 14pt;\">Dimensioni: 52MM*25.5MM*119.3MM\u00a0 \u00a0 \u00a0 \u00a0 \u00a0 \u00a0 \u00a0<\/span><\/span><span style=\"font-family: arial, helvetica, sans-serif; font-size: 18pt; color: #171717;\"><span style=\"font-size: 14pt;\">E-JUICE CAPACIT\u00c0: 16ML<br \/>\nRESISTENZA: DUAL1.0Q PUFFS: UPTO10000-18000 PUFFS<\/span><\/span><\/p>\n<p style=\"text-align: center;\"><span style=\"font-family: arial, helvetica, sans-serif; font-size: 18pt; color: #171717;\"><span style=\"font-size: 14pt;\">Capacit\u00e0 della batteria: 1000 + 500MAH\u00a0 \u00a0 <\/span><\/span><span style=\"font-family: arial, helvetica, sans-serif; font-size: 18pt; color: #171717;\"><span style=\"font-size: 14pt;\">PORTA DI RICARIGO: TIPO-C.<\/span><\/span><\/p>\n<p style=\"text-align: center;\"><img loading=\"lazy\" decoding=\"async\" class=\"aligncenter size-full wp-image-4272\" src=\"http:\/\/www.chillmistvape.com\/wp-content\/uploads\/2024\/12\/123_07.jpg\" alt=\"\" width=\"1280\" height=\"587\" srcset=\"https:\/\/www.chillmistvape.com\/wp-content\/uploads\/2024\/12\/123_07.jpg 1280w, https:\/\/www.chillmistvape.com\/wp-content\/uploads\/2024\/12\/123_07-300x138.jpg 300w, https:\/\/www.chillmistvape.com\/wp-content\/uploads\/2024\/12\/123_07-1024x470.jpg 1024w, https:\/\/www.chillmistvape.com\/wp-content\/uploads\/2024\/12\/123_07-768x352.jpg 768w, https:\/\/www.chillmistvape.com\/wp-content\/uploads\/2024\/12\/123_07-600x275.jpg 600w\" sizes=\"(max-width: 1280px) 100vw, 1280px\" \/><\/p>\n<p style=\"text-align: center;\"><strong><span style=\"font-family: arial, helvetica, sans-serif; font-size: 18pt; color: #171717;\">DISPLAY DI IMBALLAGGIO<br \/>\n<\/span><\/strong><span style=\"font-size: 14pt;\"><strong><span style=\"font-family: arial, helvetica, sans-serif; color: #171717;\">DIMENSIONI: 55MM * 31MM * 40MM<\/span><\/strong><\/span><\/p>\n<p style=\"text-align: center;\"><img loading=\"lazy\" decoding=\"async\" class=\"aligncenter size-full wp-image-4273\" src=\"http:\/\/www.chillmistvape.com\/wp-content\/uploads\/2024\/12\/123_08.jpg\" alt=\"\" width=\"1280\" height=\"802\" srcset=\"https:\/\/www.chillmistvape.com\/wp-content\/uploads\/2024\/12\/123_08.jpg 1280w, https:\/\/www.chillmistvape.com\/wp-content\/uploads\/2024\/12\/123_08-300x188.jpg 300w, https:\/\/www.chillmistvape.com\/wp-content\/uploads\/2024\/12\/123_08-1024x642.jpg 1024w, https:\/\/www.chillmistvape.com\/wp-content\/uploads\/2024\/12\/123_08-768x481.jpg 768w, https:\/\/www.chillmistvape.com\/wp-content\/uploads\/2024\/12\/123_08-600x376.jpg 600w\" sizes=\"(max-width: 1280px) 100vw, 1280px\" \/><\/p>\n<p style=\"text-align: center;\"><strong><span style=\"font-family: arial, helvetica, sans-serif; font-size: 18pt; color: #171717;\">PODSPECIFICAZIONI PRECOMPLIATE:<br \/>\n<\/span><\/strong><span style=\"font-family: arial, helvetica, sans-serif; font-size: 18pt; color: #171717;\"><span style=\"font-size: 14pt;\">Dimensioni: 52MM * 24.9MM * 71MM Capacit\u00e0 di E-JUICE: 16ML<br \/>\nRESISTENZA: DOPPLI PUFFS 1.0Q: UPTO10000-18000 PUFFS<\/span><\/span><\/p>\n<p style=\"text-align: center;\"><span style=\"font-family: arial, helvetica, sans-serif; font-size: 18pt; color: #171717;\"><span style=\"font-size: 14pt;\">Capacit\u00e0 della batteria: 500MAHS<\/span><\/span><\/p>\n<p style=\"text-align: center;\"><img loading=\"lazy\" decoding=\"async\" class=\"aligncenter size-full wp-image-4274\" src=\"http:\/\/www.chillmistvape.com\/wp-content\/uploads\/2024\/12\/123_09.jpg\" alt=\"\" width=\"1280\" height=\"586\" srcset=\"https:\/\/www.chillmistvape.com\/wp-content\/uploads\/2024\/12\/123_09.jpg 1280w, https:\/\/www.chillmistvape.com\/wp-content\/uploads\/2024\/12\/123_09-300x137.jpg 300w, https:\/\/www.chillmistvape.com\/wp-content\/uploads\/2024\/12\/123_09-1024x469.jpg 1024w, https:\/\/www.chillmistvape.com\/wp-content\/uploads\/2024\/12\/123_09-768x352.jpg 768w, https:\/\/www.chillmistvape.com\/wp-content\/uploads\/2024\/12\/123_09-600x275.jpg 600w\" sizes=\"(max-width: 1280px) 100vw, 1280px\" \/><\/p>\n<p style=\"text-align: center;\"><strong><span style=\"font-family: arial, helvetica, sans-serif; font-size: 18pt; color: #171717;\">DISPLAY DI IMBALLAGGIO<br \/>\n<\/span><\/strong><span style=\"font-size: 14pt;\"><strong><span style=\"font-family: arial, helvetica, sans-serif; color: #171717;\">DIMENSIONI: 55MM * 31MM * 85MM<\/span><\/strong><\/span><\/p>\n<p style=\"text-align: center;\"><img loading=\"lazy\" decoding=\"async\" class=\"aligncenter size-full wp-image-4275\" src=\"http:\/\/www.chillmistvape.com\/wp-content\/uploads\/2024\/12\/123_10.jpg\" alt=\"\" width=\"1280\" height=\"671\" srcset=\"https:\/\/www.chillmistvape.com\/wp-content\/uploads\/2024\/12\/123_10.jpg 1280w, https:\/\/www.chillmistvape.com\/wp-content\/uploads\/2024\/12\/123_10-300x157.jpg 300w, https:\/\/www.chillmistvape.com\/wp-content\/uploads\/2024\/12\/123_10-1024x537.jpg 1024w, https:\/\/www.chillmistvape.com\/wp-content\/uploads\/2024\/12\/123_10-768x403.jpg 768w, https:\/\/www.chillmistvape.com\/wp-content\/uploads\/2024\/12\/123_10-600x315.jpg 600w\" sizes=\"(max-width: 1280px) 100vw, 1280px\" \/><\/p>\n<p>&nbsp;<\/p>\n<p>&nbsp;<\/p>","protected":false},"excerpt":{"rendered":"<p>INTELLIGENT VAPEINNOVATIVE TECHNOLOGY FOR PLEASURE VAPING 1000+500MAHBATTERY 2.01202HSCREEN SV25 PREFILLED POD 10000-18000PUFFS PODS THAT CANBE USED ALONE EVEN WITHOUT BATTERY SUPPORT, IT CANSTILL SATISFY YOUR TASTE BUDS &nbsp; INNOVATIVE CALLING,COMMUNICATING WITH CLOUDS The first-ever device features a built-in high-sensitivity Bluetoo.th module that can be perfectlypaired with your phone. Whether it&#8217;s for business negotiations or leisure [&hellip;]<\/p>\n","protected":false},"featured_media":4277,"comment_status":"open","ping_status":"closed","template":"","meta":{"_acf_changed":false},"product_brand":[],"product_cat":[45],"product_tag":[],"class_list":{"0":"post-4265","1":"product","2":"type-product","3":"status-publish","4":"has-post-thumbnail","6":"product_cat-closed-pod-system","8":"first","9":"instock","10":"shipping-taxable","11":"product-type-simple"},"acf":[],"_links":{"self":[{"href":"https:\/\/www.chillmistvape.com\/it\/wp-json\/wp\/v2\/product\/4265","targetHints":{"allow":["GET"]}}],"collection":[{"href":"https:\/\/www.chillmistvape.com\/it\/wp-json\/wp\/v2\/product"}],"about":[{"href":"https:\/\/www.chillmistvape.com\/it\/wp-json\/wp\/v2\/types\/product"}],"replies":[{"embeddable":true,"href":"https:\/\/www.chillmistvape.com\/it\/wp-json\/wp\/v2\/comments?post=4265"}],"wp:featuredmedia":[{"embeddable":true,"href":"https:\/\/www.chillmistvape.com\/it\/wp-json\/wp\/v2\/media\/4277"}],"wp:attachment":[{"href":"https:\/\/www.chillmistvape.com\/it\/wp-json\/wp\/v2\/media?parent=4265"}],"wp:term":[{"taxonomy":"product_brand","embeddable":true,"href":"https:\/\/www.chillmistvape.com\/it\/wp-json\/wp\/v2\/product_brand?post=4265"},{"taxonomy":"product_cat","embeddable":true,"href":"https:\/\/www.chillmistvape.com\/it\/wp-json\/wp\/v2\/product_cat?post=4265"},{"taxonomy":"product_tag","embeddable":true,"href":"https:\/\/www.chillmistvape.com\/it\/wp-json\/wp\/v2\/product_tag?post=4265"}],"curies":[{"name":"WP","href":"https:\/\/api.w.org\/{rel}","templated":true}]}}