{"id":2,"date":"2023-12-20T15:03:53","date_gmt":"2023-12-20T07:03:53","guid":{"rendered":"https:\/\/www.chillmistvape.com\/?page_id=2"},"modified":"2023-12-20T15:03:53","modified_gmt":"2023-12-20T07:03:53","slug":"sample-page","status":"publish","type":"page","link":"https:\/\/www.chillmistvape.com\/pl\/sample-page\/","title":{"rendered":"Przyk\u0142adowe strony"},"content":{"rendered":"<p>To jest demonstracyjna strona. W przeciwie\u0144stwie do post\u00f3w na blogu, jego lokalizacja jest sta\u0142a i zazwyczaj jest wy\u015bwietlana na pasku nawigacji witryny. Wielu u\u017cytkownik\u00f3w tworzy stron\u0119 \"O\", aby przedstawi\u0107 si\u0119 go\u015bciom. Na przyk\u0142ad:<\/p>\n\n\n\n<blockquote class=\"wp-block-quote is-layout-flow wp-block-quote-is-layout-flow\"><p>Cze\u015b\u0107! Dzie\u0144 jestem poczt\u0105, wieczorem aktorem. To moja strona. Mieszkam w Pekinie i wychowuj\u0119 psa o imieniu Ma\u0142y Czarny, uwielbiam sztuk\u0119 i podr\u00f3\u017ce.<\/p><\/blockquote>\n\n\n\n<p>albo ten:<\/p>\n\n\n\n<blockquote class=\"wp-block-quote is-layout-flow wp-block-quote-is-layout-flow\"><p>Firma XYZ Doohickey zosta\u0142a za\u0142o\u017cona w 1971 roku i od czasu za\u0142o\u017cenia przyczyniamy si\u0119 do spo\u0142ecze\u0144stwa doskona\u0142ymi doohickies. Nasza siedziba g\u0142\u00f3wna znajduje si\u0119 w Tianjin Dynasty i zatrudnia ponad dwa tysi\u0105ce pracownik\u00f3w, przyczyniaj\u0105c si\u0119 znacznie do podatk\u00f3w rz\u0105dowych.<\/p><\/blockquote>\n\n\n\n<p>Jako nowy u\u017cytkownik WordPress zalecamy przej\u015bcie do<a href=\"https:\/\/www.chillmistvape.com\/wp-admin\/\">Dashboard Twojej witryny<\/a>Usu\u0144 t\u0119 stron\u0119, a nast\u0119pnie utw\u00f3rz now\u0105 stron\u0119 z w\u0142asn\u0105 zawarto\u015bci\u0105. Mi\u0142ego korzystania!<\/p>","protected":false},"excerpt":{"rendered":"<p>To jest demonstracyjna strona. W przeciwie\u0144stwie do post\u00f3w na blogu, jego lokalizacja jest sta\u0142a i zazwyczaj jest wy\u015bwietlana na pasku nawigacji witryny. Wielu u\u017cytkownik\u00f3w tworzy stron\u0119 \"O\", aby przedstawi\u0107 si\u0119 go\u015bciom. Na przyk\u0142ad: Cze\u015b\u0107! Dzie\u0144 jestem poczt\u0105, wieczorem aktorem. To moja strona. Mieszkam w Pekinie i wychowuj\u0119 psa o imieniu Ma\u0142y Czarny, uwielbiam sztuk\u0119 i podr\u00f3\u017ce.  ... lub to: Firma XYZ Doohickey zosta\u0142a za\u0142o\u017cona w 1971 roku i od czasu za\u0142o\u017cenia przyczyniamy si\u0119 do spo\u0142ecze\u0144stwa doskona\u0142ymi doohickies. Nasza siedziba g\u0142\u00f3wna znajduje si\u0119 w Tianjin Dynasty i zatrudnia ponad dwa tysi\u0105ce pracownik\u00f3w, przyczyniaj\u0105c si\u0119 znacznie do podatk\u00f3w rz\u0105dowych. Jako nowy u\u017cytkownik WordPress zalecamy, aby przej\u015b\u0107 do panelu nawigacyjnego swojej witryny, usun\u0105\u0107 t\u0119 stron\u0119, a nast\u0119pnie utworzy\u0107 now\u0105 stron\u0119 z w\u0142asn\u0105 zawarto\u015bci\u0105. Mi\u0142ego korzystania!<\/p>","protected":false},"author":1,"featured_media":0,"parent":0,"menu_order":0,"comment_status":"closed","ping_status":"closed","template":"","meta":{"_acf_changed":false,"footnotes":""},"class_list":["post-2","page","type-page","status-publish","hentry"],"acf":[],"_links":{"self":[{"href":"https:\/\/www.chillmistvape.com\/pl\/wp-json\/wp\/v2\/pages\/2","targetHints":{"allow":["GET"]}}],"collection":[{"href":"https:\/\/www.chillmistvape.com\/pl\/wp-json\/wp\/v2\/pages"}],"about":[{"href":"https:\/\/www.chillmistvape.com\/pl\/wp-json\/wp\/v2\/types\/page"}],"author":[{"embeddable":true,"href":"https:\/\/www.chillmistvape.com\/pl\/wp-json\/wp\/v2\/users\/1"}],"replies":[{"embeddable":true,"href":"https:\/\/www.chillmistvape.com\/pl\/wp-json\/wp\/v2\/comments?post=2"}],"version-history":[{"count":0,"href":"https:\/\/www.chillmistvape.com\/pl\/wp-json\/wp\/v2\/pages\/2\/revisions"}],"wp:attachment":[{"href":"https:\/\/www.chillmistvape.com\/pl\/wp-json\/wp\/v2\/media?parent=2"}],"curies":[{"name":"WP","href":"https:\/\/api.w.org\/{rel}","templated":true}]}}