{"id":5350,"date":"2025-12-30T16:06:23","date_gmt":"2025-12-30T08:06:23","guid":{"rendered":"https:\/\/www.chillmistvape.com\/thanks\/"},"modified":"2025-12-30T16:06:23","modified_gmt":"2025-12-30T08:06:23","slug":"thanks","status":"publish","type":"page","link":"https:\/\/www.chillmistvape.com\/pl\/thanks\/","title":{"rendered":"Dzi\u0119kuj\u0119"},"content":{"rendered":"<div class=\"thanks-page\" style=\"text-align:center; max-width:760px; margin:0 auto; padding:80px 20px;\">\n<h1>Dzi\u0119kuj\u0119!<\/h1>\n<p>Tw\u00f3j formularz zosta\u0142 pomy\u015blnie przes\u0142any.<\/p>\n<p style=\"margin-top:40px;\">\n        <a href=\"\/pl\/\" class=\"thanks-btn\" >Powr\u00f3t do domu<\/a>\n    <\/p>\n<\/div>","protected":false},"excerpt":{"rendered":"<p>Dzi\u0119kuj\u0119! Tw\u00f3j formularz zosta\u0142 pomy\u015blnie przes\u0142any. Powr\u00f3t do domu<\/p>","protected":false},"author":1,"featured_media":0,"parent":0,"menu_order":0,"comment_status":"closed","ping_status":"closed","template":"elementor_header_footer","meta":{"_acf_changed":false,"footnotes":""},"class_list":["post-5350","page","type-page","status-publish","hentry"],"acf":[],"_links":{"self":[{"href":"https:\/\/www.chillmistvape.com\/pl\/wp-json\/wp\/v2\/pages\/5350","targetHints":{"allow":["GET"]}}],"collection":[{"href":"https:\/\/www.chillmistvape.com\/pl\/wp-json\/wp\/v2\/pages"}],"about":[{"href":"https:\/\/www.chillmistvape.com\/pl\/wp-json\/wp\/v2\/types\/page"}],"author":[{"embeddable":true,"href":"https:\/\/www.chillmistvape.com\/pl\/wp-json\/wp\/v2\/users\/1"}],"replies":[{"embeddable":true,"href":"https:\/\/www.chillmistvape.com\/pl\/wp-json\/wp\/v2\/comments?post=5350"}],"version-history":[{"count":0,"href":"https:\/\/www.chillmistvape.com\/pl\/wp-json\/wp\/v2\/pages\/5350\/revisions"}],"wp:attachment":[{"href":"https:\/\/www.chillmistvape.com\/pl\/wp-json\/wp\/v2\/media?parent=5350"}],"curies":[{"name":"WP","href":"https:\/\/api.w.org\/{rel}","templated":true}]}}