{"id":2854,"date":"2024-05-16T16:32:18","date_gmt":"2024-05-16T08:32:18","guid":{"rendered":"https:\/\/www.chillmistvape.com\/?post_type=product&#038;p=2854"},"modified":"2025-06-11T18:49:14","modified_gmt":"2025-06-11T10:49:14","slug":"cmd020","status":"publish","type":"product","link":"https:\/\/www.chillmistvape.com\/pl\/product\/cmd020\/","title":{"rendered":"CMD020"},"content":{"rendered":"<p style=\"text-align: center;\"><strong><span style=\"font-family: arial, helvetica, sans-serif; font-size: 18pt; color: #171717;\">Innowacyjna technologia zdrowego oddychania<\/span><\/strong><\/p>\n<p style=\"text-align: center;\"><span style=\"font-size: 14pt;\"><strong><span style=\"font-family: arial, helvetica, sans-serif; color: #141414;\">Zadzwonianie Bluetooth Muzyka Bluetooth Zasilanie prze\u0142\u0105czania dotykowego Ciesz si\u0119 gr\u0105<\/span><\/strong><\/span><\/p>\n<p style=\"text-align: center;\"><img fetchpriority=\"high\" decoding=\"async\" class=\"wp-image-2856 aligncenter\" src=\"http:\/\/www.chillmistvape.com\/wp-content\/uploads\/2024\/05\/4401.jpg\" alt=\"\" width=\"1500\" height=\"2551\" srcset=\"https:\/\/www.chillmistvape.com\/wp-content\/uploads\/2024\/05\/4401.jpg 1500w, https:\/\/www.chillmistvape.com\/wp-content\/uploads\/2024\/05\/4401-176x300.jpg 176w, https:\/\/www.chillmistvape.com\/wp-content\/uploads\/2024\/05\/4401-602x1024.jpg 602w, https:\/\/www.chillmistvape.com\/wp-content\/uploads\/2024\/05\/4401-768x1306.jpg 768w, https:\/\/www.chillmistvape.com\/wp-content\/uploads\/2024\/05\/4401-903x1536.jpg 903w, https:\/\/www.chillmistvape.com\/wp-content\/uploads\/2024\/05\/4401-1204x2048.jpg 1204w, https:\/\/www.chillmistvape.com\/wp-content\/uploads\/2024\/05\/4401-600x1020.jpg 600w\" sizes=\"(max-width: 1500px) 100vw, 1500px\" \/><\/p>\n<p style=\"text-align: center;\"><strong><span style=\"font-family: arial, helvetica, sans-serif; font-size: 18pt; color: #171717;\">Rozmowy Bluetooth<\/span><\/strong><\/p>\n<p style=\"text-align: center;\"><strong style=\"font-size: 14pt;\"><span style=\"font-family: arial, helvetica, sans-serif; color: #141414;\">Funkcja wywo\u0142ywania Bluetooth pozwala technologii zintegrowa\u0107 si\u0119 z \u017cyciem codziennym, umo\u017cliwiaj\u0105c komunikacj\u0119 przekraczanie granic.<\/span><\/strong><\/p>\n<p style=\"text-align: center;\"><strong><span style=\"font-family: arial, helvetica, sans-serif; font-size: 18pt; color: #171717;\">Muzyka Yue Yan<\/span><\/strong><\/p>\n<p style=\"text-align: center;\"><strong style=\"font-size: 14pt;\"><span style=\"font-family: arial, helvetica, sans-serif; color: #141414;\">Muzyka Bluetooth e-papierosy \u0142\u0105cz\u0105 przyjemne melodii z wygodnym smakiem, sprawiaj\u0105c, \u017ce wielkie puff czuje si\u0119 jak fizyczny i mentalny koncert.<\/span><\/strong><\/p>\n<p style=\"text-align: center;\"><strong><span style=\"font-family: arial, helvetica, sans-serif; font-size: 18pt; color: #171717;\">Regulacja mocy<\/span><\/strong><\/p>\n<p style=\"text-align: center;\"><span style=\"font-size: 14pt;\"><strong><span style=\"font-family: arial, helvetica, sans-serif; color: #141414;\">Trzy poziomy regulacji mocy: delikatny, wygodny i silny dotyk, aby regulowa\u0107 moc, spe\u0142niaj\u0105c r\u00f3\u017cne potrzeby.<\/span><\/strong><\/span><\/p>\n<p style=\"text-align: center;\"><strong><span style=\"font-family: arial, helvetica, sans-serif; font-size: 18pt; color: #171717;\">Ciesz si\u0119 gr\u0105<\/span><\/strong><\/p>\n<p style=\"text-align: center;\"><strong style=\"font-size: 14pt;\"><span style=\"font-family: arial, helvetica, sans-serif; color: #141414;\">Prze\u0142amuje \u015bcis\u0142\u0105 integracj\u0119 technologii, zdrowia i rozrywki, maj\u0105c na celu stworzenie zupe\u0142nie nowego do\u015bwiadczenia vapingowego.<\/span><\/strong><\/p>\n<p style=\"text-align: center;\"><strong><span style=\"font-family: arial, helvetica, sans-serif; font-size: 18pt; color: #171717;\">Wizualna uczta<\/span><\/strong><\/p>\n<p style=\"text-align: center;\"><strong style=\"font-size: 14pt;\"><span style=\"font-family: arial, helvetica, sans-serif; color: #141414;\">2,01-calowy kolorowy ekran papierosa elektronicznego pokazuje pomys\u0142owo\u015b\u0107 w ka\u017cdym szczeg\u00f3le, sprawiaj\u0105c, \u017ce maszyna jest pe\u0142na technologii i futurystycznego poczucia.<\/span><\/strong><\/p>\n<p style=\"text-align: center;\"><strong><span style=\"font-family: arial, helvetica, sans-serif; font-size: 18pt; color: #171717;\">D\u0142ugotrwa\u0142a wytrzyma\u0142o\u015b\u0107<\/span><\/strong><\/p>\n<p style=\"text-align: center;\"><span style=\"font-size: 14pt;\"><strong><span style=\"font-family: arial, helvetica, sans-serif; color: #141414;\">Po\u017cegnaj si\u0119 z k\u0142opotem cz\u0119stego \u0142adowania i z super du\u017c\u0105 pojemno\u015bci\u0105 baterii do 950mAh daj e-papierosowi bezprecedensow\u0105 d\u0142ugotrwa\u0142o\u015b\u0107.<\/span><\/strong><\/span><\/p>\n<p style=\"text-align: center;\">\n<p>&nbsp;<\/p>\n<p>&nbsp;<\/p>\n<p style=\"text-align: center;\">\n<img decoding=\"async\" class=\"alignnone wp-image-2857 size-full aligncenter\" src=\"http:\/\/www.chillmistvape.com\/wp-content\/uploads\/2024\/05\/4402.jpg\" alt=\"\" width=\"1500\" height=\"1786\" srcset=\"https:\/\/www.chillmistvape.com\/wp-content\/uploads\/2024\/05\/4402.jpg 1500w, https:\/\/www.chillmistvape.com\/wp-content\/uploads\/2024\/05\/4402-252x300.jpg 252w, https:\/\/www.chillmistvape.com\/wp-content\/uploads\/2024\/05\/4402-860x1024.jpg 860w, https:\/\/www.chillmistvape.com\/wp-content\/uploads\/2024\/05\/4402-768x914.jpg 768w, https:\/\/www.chillmistvape.com\/wp-content\/uploads\/2024\/05\/4402-1290x1536.jpg 1290w, https:\/\/www.chillmistvape.com\/wp-content\/uploads\/2024\/05\/4402-600x714.jpg 600w\" sizes=\"(max-width: 1500px) 100vw, 1500px\" \/><\/p>\n<p style=\"text-align: center;\"><strong><span style=\"font-family: arial, helvetica, sans-serif; font-size: 18pt; color: #171717;\">Regulacja mocy zgodnie z \u017cyczeniem<\/span><\/strong><\/p>\n<p style=\"text-align: center;\"><strong style=\"font-size: 14pt;\"><span style=\"font-family: arial, helvetica, sans-serif; color: #141414;\">Ciesz si\u0119 urokiem technologii i do\u015bwiadcz niezwyk\u0142ej zabawy. Nowa generacja papieros\u00f3w elektronicznych wprowadza dotykow\u0105 konstrukcj\u0119 prze\u0142\u0105czania cz\u0119stotliwo\u015bci z wyj\u0105tkowym rzemios\u0142em. Wystarczy delikatny dotyk ko\u0144c\u00f3w palc\u00f3w, mo\u017cesz natychmiast zmieni\u0107 r\u00f3\u017cne cz\u0119stotliwo\u015bci atomizacji, spe\u0142niaj\u0105c swoje d\u0105\u017cenie do bogatego i zr\u00f3\u017cnicowanego poziomu smaku.<\/span><\/strong><\/p>\n<p style=\"text-align: center;\"><img decoding=\"async\" class=\"alignnone wp-image-2858 size-full aligncenter\" src=\"http:\/\/www.chillmistvape.com\/wp-content\/uploads\/2024\/05\/4403.jpg\" alt=\"\" width=\"1500\" height=\"958\" srcset=\"https:\/\/www.chillmistvape.com\/wp-content\/uploads\/2024\/05\/4403.jpg 1500w, https:\/\/www.chillmistvape.com\/wp-content\/uploads\/2024\/05\/4403-300x192.jpg 300w, https:\/\/www.chillmistvape.com\/wp-content\/uploads\/2024\/05\/4403-1024x654.jpg 1024w, https:\/\/www.chillmistvape.com\/wp-content\/uploads\/2024\/05\/4403-768x490.jpg 768w, https:\/\/www.chillmistvape.com\/wp-content\/uploads\/2024\/05\/4403-600x383.jpg 600w\" sizes=\"(max-width: 1500px) 100vw, 1500px\" \/><\/p>\n<p style=\"text-align: center;\"><strong><span style=\"font-family: arial, helvetica, sans-serif; font-size: 18pt; color: #171717;\">Inteligentny dialog przesy\u0142any za pomoc\u0105 &#8220; dym<\/span><\/strong><\/p>\n<p style=\"text-align: center;\"><strong style=\"font-size: 14pt;\"><span style=\"font-family: arial, helvetica, sans-serif; color: #141414;\">Przyj\u0119cie najnowocze\u015bniejszej technologii atomizacji, zapewniaj\u0105c, \u017ce ka\u017cdy ugryzienie jest delikatne i g\u0142adkie, dzi\u0119ki czemu podr\u00f3\u017c smaku jest zdrowsza i wolna od obaw. Jednocze\u015bnie, dzi\u0119ki wbudowanemu modu\u0142owi Bluetooth o wysokiej wra\u017cliwo\u015bci, mo\u017ce by\u0107 idealnie sparowany z telefonem tylko jednym klikni\u0119ciem, niezale\u017cnie od tego, czy&#8217; negocjacje biznesowe lub czas wolny. Z tylko delikatnym naciskiem, nie&#8217; t musisz wyj\u0105\u0107 telefon, a mo\u017cesz cieszy\u0107 si\u0119 jasnym i p\u0142ynnym do\u015bwiadczeniem po\u0142\u0105czenia.<\/span><\/strong><\/p>\n<p style=\"text-align: center;\"><strong style=\"font-size: 14pt;\"><span style=\"font-family: arial, helvetica, sans-serif; color: #141414;\">Wyzwanie Bluetooth \/ Wyzwanie jednym klikni\u0119ciem \/ Synchronizacja kontakt\u00f3w \/ Oryginalny d\u017awi\u0119k wysokiej rozdzielczo\u015bci<\/span><\/strong><img loading=\"lazy\" decoding=\"async\" class=\"alignnone wp-image-2859 size-full aligncenter\" src=\"http:\/\/www.chillmistvape.com\/wp-content\/uploads\/2024\/05\/4404.jpg\" alt=\"\" width=\"1500\" height=\"1080\" srcset=\"https:\/\/www.chillmistvape.com\/wp-content\/uploads\/2024\/05\/4404.jpg 1500w, https:\/\/www.chillmistvape.com\/wp-content\/uploads\/2024\/05\/4404-300x216.jpg 300w, https:\/\/www.chillmistvape.com\/wp-content\/uploads\/2024\/05\/4404-1024x737.jpg 1024w, https:\/\/www.chillmistvape.com\/wp-content\/uploads\/2024\/05\/4404-768x553.jpg 768w, https:\/\/www.chillmistvape.com\/wp-content\/uploads\/2024\/05\/4404-600x432.jpg 600w\" sizes=\"(max-width: 1500px) 100vw, 1500px\" \/><\/p>\n<p style=\"text-align: center;\"><strong><span style=\"font-family: arial, helvetica, sans-serif; font-size: 18pt; color: #171717;\">D\u0142ugotrwa\u0142a i bezproblemowa przyjemno\u015b\u0107<\/span><\/strong><\/p>\n<p style=\"text-align: center;\"><strong style=\"font-size: 14pt;\"><span style=\"font-family: arial, helvetica, sans-serif; color: #141414;\">Po\u017cegnaj si\u0119 z k\u0142opotem cz\u0119stego \u0142adowania i dzi\u0119ki akumulatorowi o du\u017cej pojemno\u015bci do 950mAh daj e-papierosowi bezprecedensow\u0105 d\u0142ugotrwa\u0142o\u015b\u0107, niezale\u017cnie od tego, czy&#8217; s dla wszystkich pogodowych firm lub kr\u00f3tkoterminowych wycieczek, aby zaspokoi\u0107 d\u0142ugoterminowe potrzeby u\u017cytkowania. Zoptymalizowany system zarz\u0105dzania energi\u0105 skutecznie zmniejsza zu\u017cycie energii, pozwalaj\u0105c w pe\u0142ni wykorzysta\u0107 ka\u017cd\u0105 minut\u0119 energii elektrycznej, zapewniaj\u0105c, \u017ce ka\u017cdy oddech jest tak pe\u0142en i<br \/>\nBogata jak po raz pierwszy.<\/span><\/strong><\/p>\n<p style=\"text-align: center;\"><strong style=\"font-size: 14pt;\"><span style=\"font-family: arial, helvetica, sans-serif; color: #141414;\">950 mAh<br \/>\nPojemno\u015b\u0107 baterii<\/span><\/strong><\/p>\n<p style=\"text-align: center;\"><strong style=\"font-size: 14pt;\"><span style=\"font-family: arial, helvetica, sans-serif; color: #141414;\">D\u0142uga wytrzyma\u0142o\u015b\u0107<\/span><\/strong><\/p>\n<p style=\"text-align: center;\"><img loading=\"lazy\" decoding=\"async\" class=\"alignnone wp-image-2860 size-full aligncenter\" src=\"http:\/\/www.chillmistvape.com\/wp-content\/uploads\/2024\/05\/4405.jpg\" alt=\"\" width=\"1500\" height=\"961\" srcset=\"https:\/\/www.chillmistvape.com\/wp-content\/uploads\/2024\/05\/4405.jpg 1500w, https:\/\/www.chillmistvape.com\/wp-content\/uploads\/2024\/05\/4405-300x192.jpg 300w, https:\/\/www.chillmistvape.com\/wp-content\/uploads\/2024\/05\/4405-1024x656.jpg 1024w, https:\/\/www.chillmistvape.com\/wp-content\/uploads\/2024\/05\/4405-768x492.jpg 768w, https:\/\/www.chillmistvape.com\/wp-content\/uploads\/2024\/05\/4405-600x384.jpg 600w\" sizes=\"(max-width: 1500px) 100vw, 1500px\" \/><\/p>\n<p style=\"text-align: center;\"><strong><span style=\"font-family: arial, helvetica, sans-serif; font-size: 18pt; color: #171717;\">Ciesz si\u0119 muzyk\u0105 i dymem w pe\u0142ni<\/span><\/strong><\/p>\n<p style=\"text-align: center;\"><strong style=\"font-size: 14pt;\"><span style=\"font-family: arial, helvetica, sans-serif; color: #141414;\">Niech przyjemna melodia i wygodny smak si\u0119 przeplataj\u0105, sprawiaj\u0105c, \u017ce ka\u017cde ssanie czuje si\u0119 jak koncert cia\u0142a i umys\u0142u. Od tego czasu palenie nie jest ju\u017c jednym zwyk\u0142ym dzia\u0142aniem, ale kompleksowym do\u015bwiadczeniem, kt\u00f3re \u0142\u0105czy przyjemno\u015b\u0107 wizualn\u0105 i s\u0142uchow\u0105, otwieraj\u0105c dla Ciebie nowy spos\u00f3b \u017cycia. Ciesz si\u0119 \u017cyciem, od tej chwili, niech muzyka ta\u0144czy z tob\u0105, a zdrowie i moda id\u0105 r\u0119k\u0119 w r\u0119k\u0119.<\/span><\/strong><\/p>\n<p style=\"text-align: center;\"><img loading=\"lazy\" decoding=\"async\" class=\"alignnone wp-image-2861 size-full aligncenter\" src=\"http:\/\/www.chillmistvape.com\/wp-content\/uploads\/2024\/05\/4406.jpg\" alt=\"\" width=\"1500\" height=\"1188\" srcset=\"https:\/\/www.chillmistvape.com\/wp-content\/uploads\/2024\/05\/4406.jpg 1500w, https:\/\/www.chillmistvape.com\/wp-content\/uploads\/2024\/05\/4406-300x238.jpg 300w, https:\/\/www.chillmistvape.com\/wp-content\/uploads\/2024\/05\/4406-1024x811.jpg 1024w, https:\/\/www.chillmistvape.com\/wp-content\/uploads\/2024\/05\/4406-768x608.jpg 768w, https:\/\/www.chillmistvape.com\/wp-content\/uploads\/2024\/05\/4406-600x475.jpg 600w\" sizes=\"(max-width: 1500px) 100vw, 1500px\" \/><\/p>\n<p style=\"text-align: center;\"><strong><span style=\"font-family: arial, helvetica, sans-serif; font-size: 18pt; color: #171717;\">opanowanie wizualno\u015bci<\/span><\/strong><\/p>\n<p style=\"text-align: center;\"><strong><span style=\"font-family: arial, helvetica, sans-serif; font-size: 18pt; color: #171717;\">\u015awi\u0119to jedn\u0105 r\u0119k\u0105<\/span><\/strong><\/p>\n<p style=\"text-align: center;\">\n<img loading=\"lazy\" decoding=\"async\" class=\"alignnone wp-image-2862 size-full aligncenter\" src=\"http:\/\/www.chillmistvape.com\/wp-content\/uploads\/2024\/05\/4407.jpg\" alt=\"\" width=\"1500\" height=\"1026\" srcset=\"https:\/\/www.chillmistvape.com\/wp-content\/uploads\/2024\/05\/4407.jpg 1500w, https:\/\/www.chillmistvape.com\/wp-content\/uploads\/2024\/05\/4407-300x205.jpg 300w, https:\/\/www.chillmistvape.com\/wp-content\/uploads\/2024\/05\/4407-1024x700.jpg 1024w, https:\/\/www.chillmistvape.com\/wp-content\/uploads\/2024\/05\/4407-768x525.jpg 768w, https:\/\/www.chillmistvape.com\/wp-content\/uploads\/2024\/05\/4407-600x410.jpg 600w\" sizes=\"(max-width: 1500px) 100vw, 1500px\" \/><\/p>\n<p style=\"text-align: center;\"><strong><span style=\"font-family: arial, helvetica, sans-serif; font-size: 18pt; color: #171717;\">Dym towarzyszy \u015bwiatu gier<\/span><\/strong><\/p>\n<p style=\"text-align: center;\"><strong style=\"font-size: 14pt;\"><span style=\"font-family: arial, helvetica, sans-serif; color: #141414;\">Wyposa\u017cone w ekskluzywne, dostosowane modu\u0142y gry, ka\u017cda sesja przekszta\u0142ca si\u0119 w wci\u0105gaj\u0105c\u0105 przygod\u0119. Za pomoc\u0105 ekranu dotykowego o wysokiej rozdzielczo\u015bci mo\u017cesz cieszy\u0107 si\u0119 r\u00f3\u017cnymi ekscytuj\u0105cymi grami w dowolnym momencie, niezale\u017cnie od tego &#8217; Ma\u0142e gry lub strategiczne wyzwania. Za pomoc\u0105 tylko lekkiego dotyku te-papierosa, mo\u017cesz synchronicznie uruchomi\u0107 \u015bwiat gry, sprawiaj\u0105c, \u017ce everywip dymu wype\u0142niony rado\u015bci\u0105 zwyci\u0119stwa.<\/span><\/strong><\/p>\n<p>&nbsp;<\/p>\n<p style=\"text-align: center;\"><img loading=\"lazy\" decoding=\"async\" class=\"alignnone wp-image-2863 size-full aligncenter\" src=\"http:\/\/www.chillmistvape.com\/wp-content\/uploads\/2024\/05\/4408.jpg\" alt=\"\" width=\"1500\" height=\"987\" srcset=\"https:\/\/www.chillmistvape.com\/wp-content\/uploads\/2024\/05\/4408.jpg 1500w, https:\/\/www.chillmistvape.com\/wp-content\/uploads\/2024\/05\/4408-300x197.jpg 300w, https:\/\/www.chillmistvape.com\/wp-content\/uploads\/2024\/05\/4408-1024x674.jpg 1024w, https:\/\/www.chillmistvape.com\/wp-content\/uploads\/2024\/05\/4408-768x505.jpg 768w, https:\/\/www.chillmistvape.com\/wp-content\/uploads\/2024\/05\/4408-600x395.jpg 600w\" sizes=\"(max-width: 1500px) 100vw, 1500px\" \/><\/p>\n<p style=\"text-align: center;\"><strong><span style=\"font-family: arial, helvetica, sans-serif; font-size: 18pt; color: #171717;\">18 ml E-soku<br \/>\nDO 18000 PUFFS<br \/>\n950 MAH<br \/>\nDwuosobowa cewka siatkowa<\/span><\/strong><\/p>\n<p style=\"text-align: center;\"><img loading=\"lazy\" decoding=\"async\" class=\"alignnone wp-image-2864 size-full aligncenter\" src=\"http:\/\/www.chillmistvape.com\/wp-content\/uploads\/2024\/05\/4409.jpg\" alt=\"\" width=\"1500\" height=\"1301\" srcset=\"https:\/\/www.chillmistvape.com\/wp-content\/uploads\/2024\/05\/4409.jpg 1500w, https:\/\/www.chillmistvape.com\/wp-content\/uploads\/2024\/05\/4409-300x260.jpg 300w, https:\/\/www.chillmistvape.com\/wp-content\/uploads\/2024\/05\/4409-1024x888.jpg 1024w, https:\/\/www.chillmistvape.com\/wp-content\/uploads\/2024\/05\/4409-768x666.jpg 768w, https:\/\/www.chillmistvape.com\/wp-content\/uploads\/2024\/05\/4409-600x520.jpg 600w\" sizes=\"(max-width: 1500px) 100vw, 1500px\" \/> <img loading=\"lazy\" decoding=\"async\" class=\"alignnone wp-image-2865 size-full aligncenter\" src=\"http:\/\/www.chillmistvape.com\/wp-content\/uploads\/2024\/05\/4410.jpg\" alt=\"\" width=\"1500\" height=\"1227\" srcset=\"https:\/\/www.chillmistvape.com\/wp-content\/uploads\/2024\/05\/4410.jpg 1500w, https:\/\/www.chillmistvape.com\/wp-content\/uploads\/2024\/05\/4410-300x245.jpg 300w, https:\/\/www.chillmistvape.com\/wp-content\/uploads\/2024\/05\/4410-1024x838.jpg 1024w, https:\/\/www.chillmistvape.com\/wp-content\/uploads\/2024\/05\/4410-768x628.jpg 768w, https:\/\/www.chillmistvape.com\/wp-content\/uploads\/2024\/05\/4410-600x491.jpg 600w\" sizes=\"(max-width: 1500px) 100vw, 1500px\" \/><\/p>\n<p style=\"text-align: center;\"><strong><span style=\"font-family: arial, helvetica, sans-serif; font-size: 18pt; color: #171717;\">R\u00f3\u017cne wybory smaku, aby spr\u00f3bowa\u0107 kolorowego \u017cycia<\/span><\/strong><\/p>\n<p style=\"text-align: center;\"><strong style=\"font-size: 14pt;\"><span style=\"font-family: arial, helvetica, sans-serif; color: #141414;\">Wybierz ulubione kolory, mieszaj ulubione smaki i w pe\u0142ni ciesz si\u0119 zdrowiem i zabaw\u0105, kt\u00f3r\u0105 przynosi technologia, interpretuj\u0105c kolorowy rozdzia\u0142 twojego \u017cycia.<\/span><\/strong><\/p>\n<p>&nbsp;<\/p>\n<p style=\"text-align: center;\"><strong><span style=\"font-family: arial, helvetica, sans-serif; font-size: 18pt; color: #171717;\">Parametry produktu<\/span><\/strong><\/p>\n<p style=\"text-align: center;\"><strong style=\"font-size: 14pt;\"><span style=\"font-family: arial, helvetica, sans-serif; color: #141414;\"><strong><span style=\"font-family: arial, helvetica, sans-serif; font-size: 18pt; color: #171717;\">Podw\u00f3jna siatka 15ML 950mAh 18000Puffs<\/span><\/strong><\/span><\/strong><\/p>\n<p style=\"text-align: center;\">\n<p style=\"text-align: center;\"><strong style=\"font-size: 14pt;\"><span style=\"font-family: arial, helvetica, sans-serif; color: #141414;\">Specyfikacje:<br \/>\nRozmiar: 23 mm * 50 mm * 100 mm<\/span><\/strong><\/p>\n<p style=\"text-align: center;\"><strong style=\"font-size: 14pt;\"><span style=\"font-family: arial, helvetica, sans-serif; color: #141414;\">Pojemno\u015b\u0107 cieczy elektronicznej: 15 ml<\/span><\/strong><\/p>\n<p style=\"text-align: center;\"><strong style=\"font-size: 14pt;\"><span style=\"font-family: arial, helvetica, sans-serif; color: #141414;\">Warto\u015b\u0107 odporno\u015bci przewodu grzewczego: 0,8 \u03a9<\/span><\/strong><\/p>\n<p style=\"text-align: center;\"><strong style=\"font-size: 14pt;\"><span style=\"font-family: arial, helvetica, sans-serif; color: #141414;\">QLiczba port\u00f3w ss\u0105cych: do 18000 Puffs<\/span><\/strong><\/p>\n<p style=\"text-align: center;\"><strong style=\"font-size: 14pt;\"><span style=\"font-family: arial, helvetica, sans-serif; color: #141414;\">Pojemno\u015b\u0107 baterii: 950mAh<\/span><\/strong><\/p>\n<p style=\"text-align: center;\"><strong style=\"font-size: 14pt;\"><span style=\"font-family: arial, helvetica, sans-serif; color: #141414;\">Port \u0142adowania: Typ C<\/span><\/strong><\/p>\n<p style=\"text-align: center;\">\n<img loading=\"lazy\" decoding=\"async\" class=\"alignnone size-full wp-image-3576 aligncenter\" src=\"http:\/\/www.chillmistvape.com\/wp-content\/uploads\/2024\/05\/\u7535\u5b50\u70df\u82f1\u6587\u8be6\u60c5_02.jpg\" alt=\"\" width=\"1500\" height=\"829\" srcset=\"https:\/\/www.chillmistvape.com\/wp-content\/uploads\/2024\/05\/\u7535\u5b50\u70df\u82f1\u6587\u8be6\u60c5_02.jpg 1500w, https:\/\/www.chillmistvape.com\/wp-content\/uploads\/2024\/05\/\u7535\u5b50\u70df\u82f1\u6587\u8be6\u60c5_02-300x166.jpg 300w, https:\/\/www.chillmistvape.com\/wp-content\/uploads\/2024\/05\/\u7535\u5b50\u70df\u82f1\u6587\u8be6\u60c5_02-1024x566.jpg 1024w, https:\/\/www.chillmistvape.com\/wp-content\/uploads\/2024\/05\/\u7535\u5b50\u70df\u82f1\u6587\u8be6\u60c5_02-768x424.jpg 768w, https:\/\/www.chillmistvape.com\/wp-content\/uploads\/2024\/05\/\u7535\u5b50\u70df\u82f1\u6587\u8be6\u60c5_02-600x332.jpg 600w\" sizes=\"(max-width: 1500px) 100vw, 1500px\" \/><\/p>","protected":false},"excerpt":{"rendered":"<p>Innovative technology for healthy breathing Bluetooth calling Bluetooth music Touch switching power Enjoy gaming Bluetooth calling Bluetooth calling function allows technologyto integrate into daily life, allowingcommunication to cross boundaries. Music Yue Yan Bluetooth music e-cigarettes blend pleasantmelodies with a comfortable taste, makingevery puff feel like a physical andmental concert. Power regulation Three level power adjustment: [&hellip;]<\/p>\n","protected":false},"featured_media":2875,"comment_status":"open","ping_status":"closed","template":"","meta":{"_acf_changed":false},"product_brand":[],"product_cat":[15,49],"product_tag":[],"class_list":{"0":"post-2854","1":"product","2":"type-product","3":"status-publish","4":"has-post-thumbnail","6":"product_cat-disposables","7":"product_cat-new-arrival","9":"first","10":"instock","11":"shipping-taxable","12":"product-type-simple"},"acf":[],"_links":{"self":[{"href":"https:\/\/www.chillmistvape.com\/pl\/wp-json\/wp\/v2\/product\/2854","targetHints":{"allow":["GET"]}}],"collection":[{"href":"https:\/\/www.chillmistvape.com\/pl\/wp-json\/wp\/v2\/product"}],"about":[{"href":"https:\/\/www.chillmistvape.com\/pl\/wp-json\/wp\/v2\/types\/product"}],"replies":[{"embeddable":true,"href":"https:\/\/www.chillmistvape.com\/pl\/wp-json\/wp\/v2\/comments?post=2854"}],"wp:featuredmedia":[{"embeddable":true,"href":"https:\/\/www.chillmistvape.com\/pl\/wp-json\/wp\/v2\/media\/2875"}],"wp:attachment":[{"href":"https:\/\/www.chillmistvape.com\/pl\/wp-json\/wp\/v2\/media?parent=2854"}],"wp:term":[{"taxonomy":"product_brand","embeddable":true,"href":"https:\/\/www.chillmistvape.com\/pl\/wp-json\/wp\/v2\/product_brand?post=2854"},{"taxonomy":"product_cat","embeddable":true,"href":"https:\/\/www.chillmistvape.com\/pl\/wp-json\/wp\/v2\/product_cat?post=2854"},{"taxonomy":"product_tag","embeddable":true,"href":"https:\/\/www.chillmistvape.com\/pl\/wp-json\/wp\/v2\/product_tag?post=2854"}],"curies":[{"name":"WP","href":"https:\/\/api.w.org\/{rel}","templated":true}]}}