{"id":3613,"date":"2024-06-12T10:09:53","date_gmt":"2024-06-12T02:09:53","guid":{"rendered":"https:\/\/www.chillmistvape.com\/?post_type=product&#038;p=3613"},"modified":"2025-06-11T18:33:56","modified_gmt":"2025-06-11T10:33:56","slug":"cmm001","status":"publish","type":"product","link":"https:\/\/www.chillmistvape.com\/pl\/product\/cmm001\/","title":{"rendered":"CMM001"},"content":{"rendered":"<p style=\"text-align: center;\"><strong><span style=\"font-family: arial, helvetica, sans-serif; font-size: 18pt; color: #171717;\">HOOKAH mobilny<\/span><\/strong><\/p>\n<p style=\"text-align: center;\"><strong><span style=\"font-family: arial, helvetica, sans-serif; font-size: 18pt; color: #141414;\">20 ml<br \/>\nPojemno\u015b\u0107<\/span><\/strong><\/p>\n<p style=\"text-align: center;\"><strong><span style=\"font-family: arial, helvetica, sans-serif; font-size: 18pt; color: #171717;\">DIY<br \/>\nSmak<\/span><\/strong><\/p>\n<p><img fetchpriority=\"high\" decoding=\"async\" class=\"alignnone size-full wp-image-3706\" src=\"http:\/\/www.chillmistvape.com\/wp-content\/uploads\/2024\/06\/8888884.jpg\" alt=\"\" width=\"1920\" height=\"1000\" srcset=\"https:\/\/www.chillmistvape.com\/wp-content\/uploads\/2024\/06\/8888884.jpg 1920w, https:\/\/www.chillmistvape.com\/wp-content\/uploads\/2024\/06\/8888884-300x156.jpg 300w, https:\/\/www.chillmistvape.com\/wp-content\/uploads\/2024\/06\/8888884-1024x533.jpg 1024w, https:\/\/www.chillmistvape.com\/wp-content\/uploads\/2024\/06\/8888884-768x400.jpg 768w, https:\/\/www.chillmistvape.com\/wp-content\/uploads\/2024\/06\/8888884-1536x800.jpg 1536w, https:\/\/www.chillmistvape.com\/wp-content\/uploads\/2024\/06\/8888884-600x313.jpg 600w\" sizes=\"(max-width: 1920px) 100vw, 1920px\" \/><\/p>\n<p style=\"text-align: center;\"><strong><span style=\"font-family: arial, helvetica, sans-serif; font-size: 18pt; color: #171717;\">Niech&#8217; z Chil<br \/>\nHOOKAH mobilny<\/span><\/strong><\/p>\n<p style=\"text-align: center;\"><strong><span style=\"font-family: arial, helvetica, sans-serif; font-size: 18pt; color: #171717;\">Wyj\u0105tkowa jako\u015b\u0107, rozs\u0105dna cena<\/span><\/strong><\/p>\n<p style=\"text-align: center;\"><span style=\"font-size: 14pt;\"><strong><span style=\"font-family: arial, helvetica, sans-serif; color: #171717;\">Filtruj wi\u0119cej szkodliwych substancji przez wod\u0119, aby poprawi\u0107 smak<\/span><\/strong><\/span><\/p>\n<p style=\"text-align: center;\"><span style=\"font-size: 14pt;\"><strong><span style=\"font-family: arial, helvetica, sans-serif; color: #171717;\">dym. Spraw, aby by\u0142 atrakcyjny w rozs\u0105dnej cenie i wysokiej satysfakcji.<\/span><\/strong><\/span><\/p>\n<p style=\"text-align: center;\"><img decoding=\"async\" class=\"size-full wp-image-3808 aligncenter\" src=\"http:\/\/www.chillmistvape.com\/wp-content\/uploads\/2024\/06\/\u8be6\u60c5\u98751_01.jpg\" alt=\"\" width=\"1920\" height=\"1120\" srcset=\"https:\/\/www.chillmistvape.com\/wp-content\/uploads\/2024\/06\/\u8be6\u60c5\u98751_01.jpg 1920w, https:\/\/www.chillmistvape.com\/wp-content\/uploads\/2024\/06\/\u8be6\u60c5\u98751_01-300x175.jpg 300w, https:\/\/www.chillmistvape.com\/wp-content\/uploads\/2024\/06\/\u8be6\u60c5\u98751_01-1024x597.jpg 1024w, https:\/\/www.chillmistvape.com\/wp-content\/uploads\/2024\/06\/\u8be6\u60c5\u98751_01-768x448.jpg 768w, https:\/\/www.chillmistvape.com\/wp-content\/uploads\/2024\/06\/\u8be6\u60c5\u98751_01-1536x896.jpg 1536w, https:\/\/www.chillmistvape.com\/wp-content\/uploads\/2024\/06\/\u8be6\u60c5\u98751_01-600x350.jpg 600w\" sizes=\"(max-width: 1920px) 100vw, 1920px\" \/><\/p>\n<p style=\"text-align: center;\"><strong><span style=\"font-family: arial, helvetica, sans-serif; font-size: 18pt; color: #171717;\">Punkty sprzeda\u017cy produktu<\/span><\/strong><\/p>\n<p style=\"text-align: center;\"><strong><span style=\"font-family: arial, helvetica, sans-serif; font-size: 18pt; color: #171717;\">20ml DIY smak typu c<\/span><\/strong><\/p>\n<p style=\"text-align: center;\"><strong><span style=\"font-family: arial, helvetica, sans-serif; font-size: 18pt; color: #171717;\">0,50 siatki Coi 1700mAh<\/span><\/strong><\/p>\n<p style=\"text-align: center;\"><img decoding=\"async\" class=\"alignnone size-full wp-image-3809\" src=\"http:\/\/www.chillmistvape.com\/wp-content\/uploads\/2024\/06\/\u8be6\u60c5\u98751_02.jpg\" alt=\"\" width=\"1920\" height=\"1238\" srcset=\"https:\/\/www.chillmistvape.com\/wp-content\/uploads\/2024\/06\/\u8be6\u60c5\u98751_02.jpg 1920w, https:\/\/www.chillmistvape.com\/wp-content\/uploads\/2024\/06\/\u8be6\u60c5\u98751_02-300x193.jpg 300w, https:\/\/www.chillmistvape.com\/wp-content\/uploads\/2024\/06\/\u8be6\u60c5\u98751_02-1024x660.jpg 1024w, https:\/\/www.chillmistvape.com\/wp-content\/uploads\/2024\/06\/\u8be6\u60c5\u98751_02-768x495.jpg 768w, https:\/\/www.chillmistvape.com\/wp-content\/uploads\/2024\/06\/\u8be6\u60c5\u98751_02-1536x990.jpg 1536w, https:\/\/www.chillmistvape.com\/wp-content\/uploads\/2024\/06\/\u8be6\u60c5\u98751_02-600x387.jpg 600w\" sizes=\"(max-width: 1920px) 100vw, 1920px\" \/><\/p>\n<p style=\"text-align: center;\"><strong><span style=\"font-family: arial, helvetica, sans-serif; font-size: 18pt; color: #171717;\">FILTRACJA WODY<\/span><\/strong><\/p>\n<p style=\"text-align: center;\"><strong style=\"font-size: 14pt;\"><span style=\"font-family: arial, helvetica, sans-serif; color: #171717;\">Filtr filtruje niekt\u00f3re szkodliwe substancje uwalniane przez spalanie tytoniu<br \/>\nEfekt ch\u0142odzenia zmniejsza temperatur\u0119 dymu dla lepszego smaku inhalacji<\/span><\/strong><\/p>\n<p style=\"text-align: center;\"><strong><span style=\"font-family: arial, helvetica, sans-serif; font-size: 18pt; color: #171717;\">TWIN TANKS<\/span><\/strong><\/p>\n<p style=\"text-align: center;\"><strong style=\"font-size: 14pt;\"><span style=\"font-family: arial, helvetica, sans-serif; color: #171717;\">Dwa zbiorniki oleju, otwarte i wolne do dodania, smak DlY<\/span><\/strong><\/p>\n<p>&nbsp;<\/p>\n<p>&nbsp;<\/p>\n<p style=\"text-align: center;\">\u00a0<img loading=\"lazy\" decoding=\"async\" class=\"alignnone size-full wp-image-3810\" src=\"http:\/\/www.chillmistvape.com\/wp-content\/uploads\/2024\/06\/\u8be6\u60c5\u98751_03.jpg\" alt=\"\" width=\"1920\" height=\"1350\" srcset=\"https:\/\/www.chillmistvape.com\/wp-content\/uploads\/2024\/06\/\u8be6\u60c5\u98751_03.jpg 1920w, https:\/\/www.chillmistvape.com\/wp-content\/uploads\/2024\/06\/\u8be6\u60c5\u98751_03-300x211.jpg 300w, https:\/\/www.chillmistvape.com\/wp-content\/uploads\/2024\/06\/\u8be6\u60c5\u98751_03-1024x720.jpg 1024w, https:\/\/www.chillmistvape.com\/wp-content\/uploads\/2024\/06\/\u8be6\u60c5\u98751_03-768x540.jpg 768w, https:\/\/www.chillmistvape.com\/wp-content\/uploads\/2024\/06\/\u8be6\u60c5\u98751_03-1536x1080.jpg 1536w, https:\/\/www.chillmistvape.com\/wp-content\/uploads\/2024\/06\/\u8be6\u60c5\u98751_03-600x422.jpg 600w\" sizes=\"(max-width: 1920px) 100vw, 1920px\" \/><\/p>\n<p style=\"text-align: center;\"><strong><span style=\"font-family: arial, helvetica, sans-serif; font-size: 18pt; color: #171717;\">Dostosowanie wej\u015bcia wy\u015bwietlacza baterii<\/span><\/strong><\/p>\n<p style=\"text-align: center;\"><strong><span style=\"font-family: arial, helvetica, sans-serif; font-size: 18pt; color: #171717;\">TYP-C<\/span><\/strong><\/p>\n<p style=\"text-align: center;\"><strong style=\"font-size: 14pt;\"><span style=\"font-family: arial, helvetica, sans-serif; color: #171717;\">z\u0142\u0105cza s\u0105 szeroko popularne ze wzgl\u0119du na ich odwracaln\u0105 konstrukcj\u0119 i szybkie \u0142adowanie<\/span><\/strong><\/p>\n<p style=\"text-align: center;\"><img loading=\"lazy\" decoding=\"async\" class=\"alignnone size-full wp-image-3811\" src=\"http:\/\/www.chillmistvape.com\/wp-content\/uploads\/2024\/06\/\u8be6\u60c5\u98751_04.jpg\" alt=\"\" width=\"1920\" height=\"1170\" srcset=\"https:\/\/www.chillmistvape.com\/wp-content\/uploads\/2024\/06\/\u8be6\u60c5\u98751_04.jpg 1920w, https:\/\/www.chillmistvape.com\/wp-content\/uploads\/2024\/06\/\u8be6\u60c5\u98751_04-300x183.jpg 300w, https:\/\/www.chillmistvape.com\/wp-content\/uploads\/2024\/06\/\u8be6\u60c5\u98751_04-1024x624.jpg 1024w, https:\/\/www.chillmistvape.com\/wp-content\/uploads\/2024\/06\/\u8be6\u60c5\u98751_04-768x468.jpg 768w, https:\/\/www.chillmistvape.com\/wp-content\/uploads\/2024\/06\/\u8be6\u60c5\u98751_04-1536x936.jpg 1536w, https:\/\/www.chillmistvape.com\/wp-content\/uploads\/2024\/06\/\u8be6\u60c5\u98751_04-600x366.jpg 600w\" sizes=\"(max-width: 1920px) 100vw, 1920px\" \/> <img loading=\"lazy\" decoding=\"async\" class=\"alignnone size-full wp-image-3812\" src=\"http:\/\/www.chillmistvape.com\/wp-content\/uploads\/2024\/06\/\u8be6\u60c5\u98751_05.jpg\" alt=\"\" width=\"1920\" height=\"1167\" srcset=\"https:\/\/www.chillmistvape.com\/wp-content\/uploads\/2024\/06\/\u8be6\u60c5\u98751_05.jpg 1920w, https:\/\/www.chillmistvape.com\/wp-content\/uploads\/2024\/06\/\u8be6\u60c5\u98751_05-300x182.jpg 300w, https:\/\/www.chillmistvape.com\/wp-content\/uploads\/2024\/06\/\u8be6\u60c5\u98751_05-1024x622.jpg 1024w, https:\/\/www.chillmistvape.com\/wp-content\/uploads\/2024\/06\/\u8be6\u60c5\u98751_05-768x467.jpg 768w, https:\/\/www.chillmistvape.com\/wp-content\/uploads\/2024\/06\/\u8be6\u60c5\u98751_05-1536x934.jpg 1536w, https:\/\/www.chillmistvape.com\/wp-content\/uploads\/2024\/06\/\u8be6\u60c5\u98751_05-600x365.jpg 600w\" sizes=\"(max-width: 1920px) 100vw, 1920px\" \/><\/p>\n<p style=\"text-align: center;\"><strong><span style=\"font-family: arial, helvetica, sans-serif; font-size: 18pt; color: #171717;\">Smak nigdy nie znika<\/span><\/strong><\/p>\n<p style=\"text-align: center;\"><span style=\"font-size: 18pt;\"><strong><span style=\"font-family: arial, helvetica, sans-serif; color: #171717;\">Smart Dual Mesh, maksymalna satysfakcja smaku<\/span><\/strong><\/span><\/p>\n<p style=\"text-align: center;\"><strong style=\"font-size: 14pt;\"><span style=\"font-family: arial, helvetica, sans-serif; color: #171717;\">Nadal martwisz si\u0119, \u017ce smak zniknie? Spr\u00f3buj teraz, cewki z podw\u00f3jn\u0105 siatk\u0105 zapewniaj\u0105 sp\u00f3jny smak do ostatniego puchu.<\/span><\/strong><\/p>\n<p style=\"text-align: center;\"><strong style=\"font-size: 14pt;\"><span style=\"font-family: arial, helvetica, sans-serif; color: #171717;\">D\u0142ugotrwa\u0142a wydajno\u015b\u0107 smaku<\/span><\/strong><\/p>\n<p style=\"text-align: center;\"><strong style=\"font-size: 14pt;\"><span style=\"font-family: arial, helvetica, sans-serif; color: #171717;\">PUFFS TPM<\/span><\/strong><\/p>\n<p style=\"text-align: center;\"><span style=\"font-size: 14pt;\"><strong><span style=\"font-family: arial, helvetica, sans-serif; color: #171717;\">Fresor B9000 Inne<\/span><\/strong><\/span><\/p>\n<p style=\"text-align: center;\">\u00a0<img loading=\"lazy\" decoding=\"async\" class=\"alignnone size-full wp-image-3813\" src=\"http:\/\/www.chillmistvape.com\/wp-content\/uploads\/2024\/06\/\u8be6\u60c5\u98751_06.jpg\" alt=\"\" width=\"1920\" height=\"931\" srcset=\"https:\/\/www.chillmistvape.com\/wp-content\/uploads\/2024\/06\/\u8be6\u60c5\u98751_06.jpg 1920w, https:\/\/www.chillmistvape.com\/wp-content\/uploads\/2024\/06\/\u8be6\u60c5\u98751_06-300x145.jpg 300w, https:\/\/www.chillmistvape.com\/wp-content\/uploads\/2024\/06\/\u8be6\u60c5\u98751_06-1024x497.jpg 1024w, https:\/\/www.chillmistvape.com\/wp-content\/uploads\/2024\/06\/\u8be6\u60c5\u98751_06-768x372.jpg 768w, https:\/\/www.chillmistvape.com\/wp-content\/uploads\/2024\/06\/\u8be6\u60c5\u98751_06-1536x745.jpg 1536w, https:\/\/www.chillmistvape.com\/wp-content\/uploads\/2024\/06\/\u8be6\u60c5\u98751_06-600x291.jpg 600w\" sizes=\"(max-width: 1920px) 100vw, 1920px\" \/><\/p>","protected":false},"excerpt":{"rendered":"<p>MOBILE HOOKAH 20mL CAPACITY DIY FLAVOUR Let&#8217;s Chil MOBILE HOOKAH Exceptional Quality,Reasonable Price Filter more harmful substances throughthe water to improve the taste of the smoke.Make it attractive with a reasonable price and high satisfaction. Product Selling Points 20ml\u00a0 \u00a0 \u00a0 \u00a0 \u00a0 \u00a0 \u00a0 DIY Flavour\u00a0 \u00a0 \u00a0 \u00a0 \u00a0 \u00a0 \u00a0 \u00a0 Type-c [&hellip;]<\/p>\n","protected":false},"featured_media":3620,"comment_status":"open","ping_status":"closed","template":"","meta":{"_acf_changed":false},"product_brand":[],"product_cat":[49,48],"product_tag":[],"class_list":{"0":"post-3613","1":"product","2":"type-product","3":"status-publish","4":"has-post-thumbnail","6":"product_cat-new-arrival","7":"product_cat-shisha","9":"first","10":"instock","11":"shipping-taxable","12":"product-type-simple"},"acf":[],"_links":{"self":[{"href":"https:\/\/www.chillmistvape.com\/pl\/wp-json\/wp\/v2\/product\/3613","targetHints":{"allow":["GET"]}}],"collection":[{"href":"https:\/\/www.chillmistvape.com\/pl\/wp-json\/wp\/v2\/product"}],"about":[{"href":"https:\/\/www.chillmistvape.com\/pl\/wp-json\/wp\/v2\/types\/product"}],"replies":[{"embeddable":true,"href":"https:\/\/www.chillmistvape.com\/pl\/wp-json\/wp\/v2\/comments?post=3613"}],"wp:featuredmedia":[{"embeddable":true,"href":"https:\/\/www.chillmistvape.com\/pl\/wp-json\/wp\/v2\/media\/3620"}],"wp:attachment":[{"href":"https:\/\/www.chillmistvape.com\/pl\/wp-json\/wp\/v2\/media?parent=3613"}],"wp:term":[{"taxonomy":"product_brand","embeddable":true,"href":"https:\/\/www.chillmistvape.com\/pl\/wp-json\/wp\/v2\/product_brand?post=3613"},{"taxonomy":"product_cat","embeddable":true,"href":"https:\/\/www.chillmistvape.com\/pl\/wp-json\/wp\/v2\/product_cat?post=3613"},{"taxonomy":"product_tag","embeddable":true,"href":"https:\/\/www.chillmistvape.com\/pl\/wp-json\/wp\/v2\/product_tag?post=3613"}],"curies":[{"name":"WP","href":"https:\/\/api.w.org\/{rel}","templated":true}]}}