{"id":3638,"date":"2024-06-12T18:43:30","date_gmt":"2024-06-12T10:43:30","guid":{"rendered":"https:\/\/www.chillmistvape.com\/?post_type=product&#038;p=3638"},"modified":"2025-06-11T18:58:41","modified_gmt":"2025-06-11T10:58:41","slug":"cmd001","status":"publish","type":"product","link":"https:\/\/www.chillmistvape.com\/pl\/product\/cmd001\/","title":{"rendered":"CMD001"},"content":{"rendered":"<p style=\"text-align: center;\"><strong><span style=\"font-family: arial, helvetica, sans-serif; font-size: 18pt; color: #171717;\">Smak\/Kolory<\/span><\/strong><\/p>\n<p style=\"text-align: center;\"><strong><span style=\"font-family: arial, helvetica, sans-serif; font-size: 18pt; color: #171717;\">Argument<\/span><\/strong><\/p>\n<p style=\"text-align: center;\"><strong style=\"font-size: 14pt;\"><span style=\"font-family: arial, helvetica, sans-serif; color: #141414;\">Puffs: 16000 Rozmiar produktu: 51 * 29 * 90mm<\/span><\/strong><\/p>\n<p style=\"text-align: center;\"><strong style=\"font-size: 14pt;\"><span style=\"font-family: arial, helvetica, sans-serif; color: #141414;\">Pojemno\u015b\u0107: 8 8 ml sztuk na pude\u0142ko: 10<\/span><\/strong><\/p>\n<p style=\"text-align: center;\"><strong style=\"font-size: 14pt;\"><span style=\"font-family: arial, helvetica, sans-serif; color: #141414;\">Nikotyna: 0-5% sztuk \/ skrzynka: 200<\/span><\/strong><\/p>\n<p style=\"text-align: center;\"><strong style=\"font-size: 14pt;\"><span style=\"font-family: arial, helvetica, sans-serif; color: #141414;\">Bateria: 700mAh Rozmiar kartonu:<\/span><\/strong><\/p>\n<p style=\"text-align: center;\"><strong style=\"font-size: 14pt;\"><span style=\"font-family: arial, helvetica, sans-serif; color: #141414;\">Waga: 102g GW:<\/span><\/strong><\/p>\n<p><img fetchpriority=\"high\" decoding=\"async\" class=\"alignnone size-full wp-image-3640\" src=\"http:\/\/www.chillmistvape.com\/wp-content\/uploads\/2024\/06\/48468461.jpg\" alt=\"\" width=\"1412\" height=\"851\" srcset=\"https:\/\/www.chillmistvape.com\/wp-content\/uploads\/2024\/06\/48468461.jpg 1412w, https:\/\/www.chillmistvape.com\/wp-content\/uploads\/2024\/06\/48468461-300x181.jpg 300w, https:\/\/www.chillmistvape.com\/wp-content\/uploads\/2024\/06\/48468461-1024x617.jpg 1024w, https:\/\/www.chillmistvape.com\/wp-content\/uploads\/2024\/06\/48468461-768x463.jpg 768w, https:\/\/www.chillmistvape.com\/wp-content\/uploads\/2024\/06\/48468461-600x362.jpg 600w\" sizes=\"(max-width: 1412px) 100vw, 1412px\" \/><\/p>","protected":false},"excerpt":{"rendered":"<p>TASTE\/COLORS ARGUMENT Puffs:16000\u00a0 \u00a0 \u00a0 \u00a0 \u00a0 Product size:51*29*90mm Capacity:8+8mL\u00a0 \u00a0 \u00a0 \u00a0 \u00a0 \u00a0 \u00a0 \u00a0 \u00a0 \u00a0 \u00a0 \u00a0 \u00a0 Pcs per box:10 Nicotine:0-5%\u00a0 \u00a0 \u00a0 \u00a0 \u00a0 \u00a0 \u00a0 \u00a0 \u00a0 \u00a0 \u00a0 \u00a0 \u00a0 Pcs\/Case:200 Battery:700mAh\u00a0 \u00a0 \u00a0 \u00a0 \u00a0 \u00a0 \u00a0 \u00a0 \u00a0 \u00a0Carton size: Weight:102g\u00a0 \u00a0 \u00a0 \u00a0 \u00a0 [&hellip;]<\/p>\n","protected":false},"featured_media":3639,"comment_status":"open","ping_status":"closed","template":"","meta":{"_acf_changed":false},"product_brand":[],"product_cat":[15],"product_tag":[],"class_list":{"0":"post-3638","1":"product","2":"type-product","3":"status-publish","4":"has-post-thumbnail","6":"product_cat-disposables","8":"first","9":"instock","10":"shipping-taxable","11":"product-type-simple"},"acf":[],"_links":{"self":[{"href":"https:\/\/www.chillmistvape.com\/pl\/wp-json\/wp\/v2\/product\/3638","targetHints":{"allow":["GET"]}}],"collection":[{"href":"https:\/\/www.chillmistvape.com\/pl\/wp-json\/wp\/v2\/product"}],"about":[{"href":"https:\/\/www.chillmistvape.com\/pl\/wp-json\/wp\/v2\/types\/product"}],"replies":[{"embeddable":true,"href":"https:\/\/www.chillmistvape.com\/pl\/wp-json\/wp\/v2\/comments?post=3638"}],"wp:featuredmedia":[{"embeddable":true,"href":"https:\/\/www.chillmistvape.com\/pl\/wp-json\/wp\/v2\/media\/3639"}],"wp:attachment":[{"href":"https:\/\/www.chillmistvape.com\/pl\/wp-json\/wp\/v2\/media?parent=3638"}],"wp:term":[{"taxonomy":"product_brand","embeddable":true,"href":"https:\/\/www.chillmistvape.com\/pl\/wp-json\/wp\/v2\/product_brand?post=3638"},{"taxonomy":"product_cat","embeddable":true,"href":"https:\/\/www.chillmistvape.com\/pl\/wp-json\/wp\/v2\/product_cat?post=3638"},{"taxonomy":"product_tag","embeddable":true,"href":"https:\/\/www.chillmistvape.com\/pl\/wp-json\/wp\/v2\/product_tag?post=3638"}],"curies":[{"name":"WP","href":"https:\/\/api.w.org\/{rel}","templated":true}]}}