{"id":3685,"date":"2024-06-13T11:40:27","date_gmt":"2024-06-13T03:40:27","guid":{"rendered":"https:\/\/www.chillmistvape.com\/?post_type=product&#038;p=3685"},"modified":"2025-06-11T19:45:17","modified_gmt":"2025-06-11T11:45:17","slug":"cmp002","status":"publish","type":"product","link":"https:\/\/www.chillmistvape.com\/pl\/product\/cmp002\/","title":{"rendered":"CMP002"},"content":{"rendered":"<p style=\"text-align: center;\"><strong><span style=\"font-family: arial, helvetica, sans-serif; font-size: 18pt; color: #171717;\">Smak\/Kolory<\/span><\/strong><\/p>\n<p style=\"text-align: center;\"><strong><span style=\"font-family: arial, helvetica, sans-serif; font-size: 18pt; color: #171717;\">Argument<\/span><\/strong><\/p>\n<p style=\"text-align: center;\"><strong style=\"font-size: 14pt;\"><span style=\"font-family: arial, helvetica, sans-serif; color: #141414;\">Pufy: 600 Rozmiar produktu: 43 * 18 * 71mm<\/span><\/strong><\/p>\n<p style=\"text-align: center;\"><strong style=\"font-size: 14pt;\"><span style=\"font-family: arial, helvetica, sans-serif; color: #141414;\">Pojemno\u015b\u0107: 2 ml sztuk na pude\u0142ko: 10<\/span><\/strong><\/p>\n<p style=\"text-align: center;\"><strong style=\"font-size: 14pt;\"><span style=\"font-family: arial, helvetica, sans-serif; color: #141414;\">Nikotyna: 0-5% sztuk \/ skrzynka: 200\u00a0 \u00a0<\/span><\/strong><\/p>\n<p style=\"text-align: center;\"><strong style=\"font-size: 14pt;\"><span style=\"font-family: arial, helvetica, sans-serif; color: #141414;\">Bateria: 480mAh Rozmiar kartonu:<\/span><\/strong><\/p>\n<p style=\"text-align: center;\"><strong style=\"font-size: 14pt;\"><span style=\"font-family: arial, helvetica, sans-serif; color: #141414;\">Waga: 107,5 g GW:<\/span><\/strong><\/p>\n<p><img fetchpriority=\"high\" decoding=\"async\" class=\"alignnone size-full wp-image-3688\" src=\"http:\/\/www.chillmistvape.com\/wp-content\/uploads\/2024\/06\/256498.jpg\" alt=\"\" width=\"1413\" height=\"850\" srcset=\"https:\/\/www.chillmistvape.com\/wp-content\/uploads\/2024\/06\/256498.jpg 1413w, https:\/\/www.chillmistvape.com\/wp-content\/uploads\/2024\/06\/256498-300x180.jpg 300w, https:\/\/www.chillmistvape.com\/wp-content\/uploads\/2024\/06\/256498-1024x616.jpg 1024w, https:\/\/www.chillmistvape.com\/wp-content\/uploads\/2024\/06\/256498-768x462.jpg 768w, https:\/\/www.chillmistvape.com\/wp-content\/uploads\/2024\/06\/256498-600x361.jpg 600w\" sizes=\"(max-width: 1413px) 100vw, 1413px\" \/><\/p>","protected":false},"excerpt":{"rendered":"<p>TASTE\/COLORS ARGUMENT Puffs:600\u00a0 \u00a0 \u00a0 \u00a0 \u00a0 \u00a0 \u00a0 \u00a0 \u00a0 \u00a0 \u00a0 \u00a0 \u00a0 \u00a0 \u00a0 \u00a0 Product size:43*18*71mm Capacity:2mL\u00a0 \u00a0 \u00a0 \u00a0 \u00a0 \u00a0 \u00a0 \u00a0 \u00a0 \u00a0 \u00a0 \u00a0 \u00a0 \u00a0Pcs per box:10 Nicotine:0-5%\u00a0 \u00a0 \u00a0 \u00a0 \u00a0 \u00a0 \u00a0 \u00a0 \u00a0 \u00a0 \u00a0 \u00a0 \u00a0 \u00a0 \u00a0 \u00a0 Pcs\/Case:200\u00a0 \u00a0 Battery:480mAh\u00a0 [&hellip;]<\/p>\n","protected":false},"featured_media":3686,"comment_status":"open","ping_status":"closed","template":"","meta":{"_acf_changed":false},"product_brand":[],"product_cat":[45],"product_tag":[],"class_list":{"0":"post-3685","1":"product","2":"type-product","3":"status-publish","4":"has-post-thumbnail","6":"product_cat-closed-pod-system","8":"first","9":"instock","10":"shipping-taxable","11":"product-type-simple"},"acf":[],"_links":{"self":[{"href":"https:\/\/www.chillmistvape.com\/pl\/wp-json\/wp\/v2\/product\/3685","targetHints":{"allow":["GET"]}}],"collection":[{"href":"https:\/\/www.chillmistvape.com\/pl\/wp-json\/wp\/v2\/product"}],"about":[{"href":"https:\/\/www.chillmistvape.com\/pl\/wp-json\/wp\/v2\/types\/product"}],"replies":[{"embeddable":true,"href":"https:\/\/www.chillmistvape.com\/pl\/wp-json\/wp\/v2\/comments?post=3685"}],"wp:featuredmedia":[{"embeddable":true,"href":"https:\/\/www.chillmistvape.com\/pl\/wp-json\/wp\/v2\/media\/3686"}],"wp:attachment":[{"href":"https:\/\/www.chillmistvape.com\/pl\/wp-json\/wp\/v2\/media?parent=3685"}],"wp:term":[{"taxonomy":"product_brand","embeddable":true,"href":"https:\/\/www.chillmistvape.com\/pl\/wp-json\/wp\/v2\/product_brand?post=3685"},{"taxonomy":"product_cat","embeddable":true,"href":"https:\/\/www.chillmistvape.com\/pl\/wp-json\/wp\/v2\/product_cat?post=3685"},{"taxonomy":"product_tag","embeddable":true,"href":"https:\/\/www.chillmistvape.com\/pl\/wp-json\/wp\/v2\/product_tag?post=3685"}],"curies":[{"name":"WP","href":"https:\/\/api.w.org\/{rel}","templated":true}]}}