{"id":3757,"date":"2024-07-04T15:47:09","date_gmt":"2024-07-04T07:47:09","guid":{"rendered":"https:\/\/www.chillmistvape.com\/?post_type=product&#038;p=3757"},"modified":"2025-06-11T19:05:18","modified_gmt":"2025-06-11T11:05:18","slug":"cmd029","status":"publish","type":"product","link":"https:\/\/www.chillmistvape.com\/pl\/product\/cmd029\/","title":{"rendered":"CMD029"},"content":{"rendered":"<p style=\"text-align: center;\"><strong><span style=\"font-family: arial, helvetica, sans-serif; font-size: 18pt; color: #171717;\">Smak\/Kolory<\/span><\/strong><\/p>\n<p style=\"text-align: center;\"><strong><span style=\"font-family: arial, helvetica, sans-serif; font-size: 18pt; color: #171717;\">Argument<\/span><\/strong><\/p>\n<p style=\"text-align: center;\"><strong style=\"font-size: 14pt;\"><span style=\"font-family: arial, helvetica, sans-serif; color: #141414;\">Puffs: 20000 Rozmiar produktu: 49 * 21 * 84mm<\/span><\/strong><\/p>\n<p style=\"text-align: center;\"><strong style=\"font-size: 14pt;\"><span style=\"font-family: arial, helvetica, sans-serif; color: #141414;\">Pojemno\u015b\u0107: 20ml WAGA: 82g<\/span><\/strong><\/p>\n<p style=\"text-align: center;\"><strong style=\"font-size: 14pt;\"><span style=\"font-family: arial, helvetica, sans-serif; color: #141414;\">Bateria: 650mAh Rozmiar \/ Karton: 200<\/span><\/strong><\/p>\n<p style=\"text-align: center;\"><strong style=\"font-size: 14pt;\"><span style=\"font-family: arial, helvetica, sans-serif; color: #141414;\">PORT LADZUJ\u0104CY: Rozmiar pude\u0142ka typu C: 495 * 240 * 322 mm<\/span><\/strong><\/p>\n<p style=\"text-align: center;\"><strong style=\"font-size: 14pt;\"><span style=\"font-family: arial, helvetica, sans-serif; color: #141414;\">CWICZKA: Cewka siatkowa WAGA \/ Karton: 17,90 kg<\/span><\/strong><\/p>\n<p><img fetchpriority=\"high\" decoding=\"async\" class=\"alignnone size-full wp-image-3759\" src=\"http:\/\/www.chillmistvape.com\/wp-content\/uploads\/2024\/07\/\u4ea7\u54c1\u624b\u518c2024\u4fee\u8ba2\u7248_09-scaled.jpg\" alt=\"\" width=\"2560\" height=\"1541\" srcset=\"https:\/\/www.chillmistvape.com\/wp-content\/uploads\/2024\/07\/\u4ea7\u54c1\u624b\u518c2024\u4fee\u8ba2\u7248_09-scaled.jpg 2560w, https:\/\/www.chillmistvape.com\/wp-content\/uploads\/2024\/07\/\u4ea7\u54c1\u624b\u518c2024\u4fee\u8ba2\u7248_09-300x181.jpg 300w, https:\/\/www.chillmistvape.com\/wp-content\/uploads\/2024\/07\/\u4ea7\u54c1\u624b\u518c2024\u4fee\u8ba2\u7248_09-1024x616.jpg 1024w, https:\/\/www.chillmistvape.com\/wp-content\/uploads\/2024\/07\/\u4ea7\u54c1\u624b\u518c2024\u4fee\u8ba2\u7248_09-768x462.jpg 768w, https:\/\/www.chillmistvape.com\/wp-content\/uploads\/2024\/07\/\u4ea7\u54c1\u624b\u518c2024\u4fee\u8ba2\u7248_09-1536x925.jpg 1536w, https:\/\/www.chillmistvape.com\/wp-content\/uploads\/2024\/07\/\u4ea7\u54c1\u624b\u518c2024\u4fee\u8ba2\u7248_09-2048x1233.jpg 2048w, https:\/\/www.chillmistvape.com\/wp-content\/uploads\/2024\/07\/\u4ea7\u54c1\u624b\u518c2024\u4fee\u8ba2\u7248_09-600x361.jpg 600w\" sizes=\"(max-width: 2560px) 100vw, 2560px\" \/><\/p>","protected":false},"excerpt":{"rendered":"<p>Smak \/ kolory Argument Puffs: 20000 Rozmiar produktu: 49 * 21 * 84mm Pojemno\u015b\u0107: 20ml Waga: 82g BATERIA: 650mAh Rozmiar \/ Karton: 200 PORT \u0141ADZUJ\u0104CY: Typ C Rozmiar pude\u0142ka: 495 * 240 * 322mm CECWA: Ci\u0119ga siatkowa \/ Karton: 17,90 kg<\/p>","protected":false},"featured_media":3758,"comment_status":"open","ping_status":"closed","template":"","meta":{"_acf_changed":false},"product_brand":[],"product_cat":[15],"product_tag":[],"class_list":{"0":"post-3757","1":"product","2":"type-product","3":"status-publish","4":"has-post-thumbnail","6":"product_cat-disposables","8":"first","9":"instock","10":"shipping-taxable","11":"product-type-simple"},"acf":[],"_links":{"self":[{"href":"https:\/\/www.chillmistvape.com\/pl\/wp-json\/wp\/v2\/product\/3757","targetHints":{"allow":["GET"]}}],"collection":[{"href":"https:\/\/www.chillmistvape.com\/pl\/wp-json\/wp\/v2\/product"}],"about":[{"href":"https:\/\/www.chillmistvape.com\/pl\/wp-json\/wp\/v2\/types\/product"}],"replies":[{"embeddable":true,"href":"https:\/\/www.chillmistvape.com\/pl\/wp-json\/wp\/v2\/comments?post=3757"}],"wp:featuredmedia":[{"embeddable":true,"href":"https:\/\/www.chillmistvape.com\/pl\/wp-json\/wp\/v2\/media\/3758"}],"wp:attachment":[{"href":"https:\/\/www.chillmistvape.com\/pl\/wp-json\/wp\/v2\/media?parent=3757"}],"wp:term":[{"taxonomy":"product_brand","embeddable":true,"href":"https:\/\/www.chillmistvape.com\/pl\/wp-json\/wp\/v2\/product_brand?post=3757"},{"taxonomy":"product_cat","embeddable":true,"href":"https:\/\/www.chillmistvape.com\/pl\/wp-json\/wp\/v2\/product_cat?post=3757"},{"taxonomy":"product_tag","embeddable":true,"href":"https:\/\/www.chillmistvape.com\/pl\/wp-json\/wp\/v2\/product_tag?post=3757"}],"curies":[{"name":"WP","href":"https:\/\/api.w.org\/{rel}","templated":true}]}}