{"id":3766,"date":"2024-07-04T16:06:55","date_gmt":"2024-07-04T08:06:55","guid":{"rendered":"https:\/\/www.chillmistvape.com\/?post_type=product&#038;p=3766"},"modified":"2025-06-11T19:45:11","modified_gmt":"2025-06-11T11:45:11","slug":"cmp004","status":"publish","type":"product","link":"https:\/\/www.chillmistvape.com\/pl\/product\/cmp004\/","title":{"rendered":"CMP004"},"content":{"rendered":"<p style=\"text-align: center;\"><strong><span style=\"font-family: arial, helvetica, sans-serif; font-size: 18pt; color: #171717;\">Smak\/Kolory<\/span><\/strong><\/p>\n<p style=\"text-align: center;\"><strong><span style=\"font-family: arial, helvetica, sans-serif; font-size: 18pt; color: #171717;\">Argument<\/span><\/strong><\/p>\n<p style=\"text-align: center;\"><strong style=\"font-size: 14pt;\"><span style=\"font-family: arial, helvetica, sans-serif; color: #141414;\">Pufy: 10000 Rozmiar produktu: 53,5 * 25 * 90 mm<\/span><\/strong><\/p>\n<p style=\"text-align: center;\"><strong style=\"font-size: 14pt;\"><span style=\"font-family: arial, helvetica, sans-serif; color: #141414;\">Pojemno\u015b\u0107: 10 ml sztuk na pude\u0142ko: 10<\/span><\/strong><\/p>\n<p style=\"text-align: center;\"><strong style=\"font-size: 14pt;\"><span style=\"font-family: arial, helvetica, sans-serif; color: #141414;\">Nikotyna: 0-5% sztuk \/ skrzynka: 200<\/span><\/strong><\/p>\n<p style=\"text-align: center;\"><strong style=\"font-size: 14pt;\"><span style=\"font-family: arial, helvetica, sans-serif; color: #141414;\">Bateria: 600mAh Rozmiar rton: 572 * 240 * 365MM 387 * 212 * 279MM<\/span><\/strong><\/p>\n<p style=\"text-align: center;\"><strong style=\"font-size: 14pt;\"><span style=\"font-family: arial, helvetica, sans-serif; color: #141414;\">Waga: 83g GW:<\/span><\/strong><\/p>\n<p><img fetchpriority=\"high\" decoding=\"async\" class=\"alignnone size-full wp-image-3768\" src=\"http:\/\/www.chillmistvape.com\/wp-content\/uploads\/2024\/07\/\u4ea7\u54c1\u624b\u518c2024\u4fee\u8ba2\u7248_24-scaled.jpg\" alt=\"\" width=\"2560\" height=\"1541\" srcset=\"https:\/\/www.chillmistvape.com\/wp-content\/uploads\/2024\/07\/\u4ea7\u54c1\u624b\u518c2024\u4fee\u8ba2\u7248_24-scaled.jpg 2560w, https:\/\/www.chillmistvape.com\/wp-content\/uploads\/2024\/07\/\u4ea7\u54c1\u624b\u518c2024\u4fee\u8ba2\u7248_24-300x181.jpg 300w, https:\/\/www.chillmistvape.com\/wp-content\/uploads\/2024\/07\/\u4ea7\u54c1\u624b\u518c2024\u4fee\u8ba2\u7248_24-1024x616.jpg 1024w, https:\/\/www.chillmistvape.com\/wp-content\/uploads\/2024\/07\/\u4ea7\u54c1\u624b\u518c2024\u4fee\u8ba2\u7248_24-768x462.jpg 768w, https:\/\/www.chillmistvape.com\/wp-content\/uploads\/2024\/07\/\u4ea7\u54c1\u624b\u518c2024\u4fee\u8ba2\u7248_24-1536x925.jpg 1536w, https:\/\/www.chillmistvape.com\/wp-content\/uploads\/2024\/07\/\u4ea7\u54c1\u624b\u518c2024\u4fee\u8ba2\u7248_24-2048x1233.jpg 2048w, https:\/\/www.chillmistvape.com\/wp-content\/uploads\/2024\/07\/\u4ea7\u54c1\u624b\u518c2024\u4fee\u8ba2\u7248_24-600x361.jpg 600w\" sizes=\"(max-width: 2560px) 100vw, 2560px\" \/><\/p>","protected":false},"excerpt":{"rendered":"<p>TASTE\/COLORS ARGUMENT Puffs:10000\u00a0 \u00a0 \u00a0 \u00a0 \u00a0 \u00a0 \u00a0 \u00a0 \u00a0 \u00a0 \u00a0 \u00a0 \u00a0 \u00a0 \u00a0 \u00a0 \u00a0 \u00a0 \u00a0Product size:53.5*25*90mm Capacity:10mL\u00a0 \u00a0 \u00a0 \u00a0 \u00a0 \u00a0 \u00a0 \u00a0 \u00a0 \u00a0 \u00a0 \u00a0 \u00a0 \u00a0 \u00a0 \u00a0 \u00a0 \u00a0 \u00a0 \u00a0 \u00a0 \u00a0 \u00a0 \u00a0 \u00a0 \u00a0 \u00a0 \u00a0 Pcs per box:10 Nicotine:0-5%\u00a0 \u00a0 [&hellip;]<\/p>\n","protected":false},"featured_media":3767,"comment_status":"open","ping_status":"closed","template":"","meta":{"_acf_changed":false},"product_brand":[],"product_cat":[45],"product_tag":[],"class_list":{"0":"post-3766","1":"product","2":"type-product","3":"status-publish","4":"has-post-thumbnail","6":"product_cat-closed-pod-system","8":"first","9":"instock","10":"shipping-taxable","11":"product-type-simple"},"acf":[],"_links":{"self":[{"href":"https:\/\/www.chillmistvape.com\/pl\/wp-json\/wp\/v2\/product\/3766","targetHints":{"allow":["GET"]}}],"collection":[{"href":"https:\/\/www.chillmistvape.com\/pl\/wp-json\/wp\/v2\/product"}],"about":[{"href":"https:\/\/www.chillmistvape.com\/pl\/wp-json\/wp\/v2\/types\/product"}],"replies":[{"embeddable":true,"href":"https:\/\/www.chillmistvape.com\/pl\/wp-json\/wp\/v2\/comments?post=3766"}],"wp:featuredmedia":[{"embeddable":true,"href":"https:\/\/www.chillmistvape.com\/pl\/wp-json\/wp\/v2\/media\/3767"}],"wp:attachment":[{"href":"https:\/\/www.chillmistvape.com\/pl\/wp-json\/wp\/v2\/media?parent=3766"}],"wp:term":[{"taxonomy":"product_brand","embeddable":true,"href":"https:\/\/www.chillmistvape.com\/pl\/wp-json\/wp\/v2\/product_brand?post=3766"},{"taxonomy":"product_cat","embeddable":true,"href":"https:\/\/www.chillmistvape.com\/pl\/wp-json\/wp\/v2\/product_cat?post=3766"},{"taxonomy":"product_tag","embeddable":true,"href":"https:\/\/www.chillmistvape.com\/pl\/wp-json\/wp\/v2\/product_tag?post=3766"}],"curies":[{"name":"WP","href":"https:\/\/api.w.org\/{rel}","templated":true}]}}