{"id":3769,"date":"2024-07-04T16:20:09","date_gmt":"2024-07-04T08:20:09","guid":{"rendered":"https:\/\/www.chillmistvape.com\/?post_type=product&#038;p=3769"},"modified":"2025-06-12T21:24:23","modified_gmt":"2025-06-12T13:24:23","slug":"cmm002","status":"publish","type":"product","link":"https:\/\/www.chillmistvape.com\/pl\/product\/cmm002\/","title":{"rendered":"CMM002"},"content":{"rendered":"<p style=\"text-align: center;\"><span style=\"color: #000000;\"><img fetchpriority=\"high\" decoding=\"async\" class=\"aligncenter size-full wp-image-3917\" src=\"http:\/\/www.chillmistvape.com\/wp-content\/uploads\/2024\/07\/\u5927\u6c34\u70df\u8be6\u60c51.jpg\" alt=\"\" width=\"1200\" height=\"2196\" srcset=\"https:\/\/www.chillmistvape.com\/wp-content\/uploads\/2024\/07\/\u5927\u6c34\u70df\u8be6\u60c51.jpg 1200w, https:\/\/www.chillmistvape.com\/wp-content\/uploads\/2024\/07\/\u5927\u6c34\u70df\u8be6\u60c51-164x300.jpg 164w, https:\/\/www.chillmistvape.com\/wp-content\/uploads\/2024\/07\/\u5927\u6c34\u70df\u8be6\u60c51-560x1024.jpg 560w, https:\/\/www.chillmistvape.com\/wp-content\/uploads\/2024\/07\/\u5927\u6c34\u70df\u8be6\u60c51-768x1405.jpg 768w, https:\/\/www.chillmistvape.com\/wp-content\/uploads\/2024\/07\/\u5927\u6c34\u70df\u8be6\u60c51-839x1536.jpg 839w, https:\/\/www.chillmistvape.com\/wp-content\/uploads\/2024\/07\/\u5927\u6c34\u70df\u8be6\u60c51-1119x2048.jpg 1119w, https:\/\/www.chillmistvape.com\/wp-content\/uploads\/2024\/07\/\u5927\u6c34\u70df\u8be6\u60c51-600x1098.jpg 600w\" sizes=\"(max-width: 1200px) 100vw, 1200px\" \/><span style=\"font-size: 36pt;\"><strong><span style=\"font-family: arial, helvetica, sans-serif;\">Efekt \u015bwiat\u0142a<\/span><\/strong><\/span><\/span><\/p>\n<p style=\"text-align: center;\"><strong><span style=\"font-size: 18pt; font-family: arial, helvetica, sans-serif; color: #000000;\"><span style=\"font-size: 14pt;\">LED i czerwone \u015bwiat\u0142a laserowe<\/span> <\/span><\/strong><\/p>\n<p style=\"text-align: center;\"><strong><span style=\"font-size: 18pt; font-family: arial, helvetica, sans-serif; color: #000000;\">ChillMist Elektroniczny Hookah Air Shisha<\/span><\/strong><\/p>\n<p style=\"text-align: center;\"><strong><span style=\"font-size: 18pt; font-family: arial, helvetica, sans-serif; color: #000000;\">Z stopniowym efektem \u015bwiat\u0142a LED, 3 grupy<\/span><\/strong><\/p>\n<p style=\"text-align: center;\"><strong><span style=\"font-size: 18pt; font-family: arial, helvetica, sans-serif; color: #000000;\">czerwonych \u015bwiate\u0142 laserowych, otoczonych chmurami, <\/span><\/strong><\/p>\n<p style=\"text-align: center;\"><strong><span style=\"font-size: 18pt; font-family: arial, helvetica, sans-serif; color: #000000;\">co sprawia, \u017ce \u200b\u200btw\u00f3j vape jest niezwykle fajny.<\/span><\/strong><\/p>\n<p style=\"text-align: center;\"><span style=\"color: #000000;\"><img decoding=\"async\" class=\"aligncenter size-full wp-image-3926\" src=\"http:\/\/www.chillmistvape.com\/wp-content\/uploads\/2024\/07\/\u5927\u6c34\u70df\u8be6\u60c52.jpg\" alt=\"\" width=\"1200\" height=\"684\" srcset=\"https:\/\/www.chillmistvape.com\/wp-content\/uploads\/2024\/07\/\u5927\u6c34\u70df\u8be6\u60c52.jpg 1200w, https:\/\/www.chillmistvape.com\/wp-content\/uploads\/2024\/07\/\u5927\u6c34\u70df\u8be6\u60c52-300x171.jpg 300w, https:\/\/www.chillmistvape.com\/wp-content\/uploads\/2024\/07\/\u5927\u6c34\u70df\u8be6\u60c52-1024x584.jpg 1024w, https:\/\/www.chillmistvape.com\/wp-content\/uploads\/2024\/07\/\u5927\u6c34\u70df\u8be6\u60c52-768x438.jpg 768w, https:\/\/www.chillmistvape.com\/wp-content\/uploads\/2024\/07\/\u5927\u6c34\u70df\u8be6\u60c52-600x342.jpg 600w\" sizes=\"(max-width: 1200px) 100vw, 1200px\" \/><strong><span style=\"font-family: arial, helvetica, sans-serif; font-size: 14pt;\">Du\u017cy dym<\/span><\/strong><\/span><\/p>\n<p style=\"text-align: center;\"><strong><span style=\"color: #000000; font-family: arial, helvetica, sans-serif; font-size: 14pt;\">Kolumna \u015bwiat\u0142a LED<\/span><\/strong><\/p>\n<p style=\"text-align: center;\"><strong><span style=\"color: #000000; font-family: arial, helvetica, sans-serif; font-size: 14pt;\">Os\u0142apuj\u0105cy laser<\/span><\/strong><\/p>\n<p style=\"text-align: center;\"><strong><span style=\"color: #000000; font-family: arial, helvetica, sans-serif; font-size: 14pt;\">Bogate smaki<\/span><\/strong><\/p>\n<p style=\"text-align: center;\"><strong><span style=\"color: #000000; font-family: arial, helvetica, sans-serif; font-size: 14pt;\">D\u0142uga wytrzyma\u0142o\u015b\u0107<\/span><\/strong><\/p>\n<p style=\"text-align: center;\"><strong><span style=\"color: #000000; font-family: arial, helvetica, sans-serif; font-size: 14pt;\">Podw\u00f3jny uchwyt<\/span><\/strong><\/p>\n<p><img decoding=\"async\" class=\"aligncenter size-full wp-image-3932\" src=\"http:\/\/www.chillmistvape.com\/wp-content\/uploads\/2024\/07\/\u5927\u6c34\u70df\u8be6\u60c5\u98753-4.png\" alt=\"\" width=\"1200\" height=\"1418\" srcset=\"https:\/\/www.chillmistvape.com\/wp-content\/uploads\/2024\/07\/\u5927\u6c34\u70df\u8be6\u60c5\u98753-4.png 1200w, https:\/\/www.chillmistvape.com\/wp-content\/uploads\/2024\/07\/\u5927\u6c34\u70df\u8be6\u60c5\u98753-4-254x300.png 254w, https:\/\/www.chillmistvape.com\/wp-content\/uploads\/2024\/07\/\u5927\u6c34\u70df\u8be6\u60c5\u98753-4-867x1024.png 867w, https:\/\/www.chillmistvape.com\/wp-content\/uploads\/2024\/07\/\u5927\u6c34\u70df\u8be6\u60c5\u98753-4-768x908.png 768w, https:\/\/www.chillmistvape.com\/wp-content\/uploads\/2024\/07\/\u5927\u6c34\u70df\u8be6\u60c5\u98753-4-600x709.png 600w\" sizes=\"(max-width: 1200px) 100vw, 1200px\" \/><\/p>\n<p style=\"text-align: center;\"><strong><span style=\"color: #000000; font-family: arial, helvetica, sans-serif; font-size: 18pt;\">Wygodne uchwyt<\/span><\/strong><\/p>\n<p style=\"text-align: center;\"><strong><span style=\"font-size: 18pt; font-family: arial, helvetica, sans-serif; color: #000000;\">Ci\u0105g\u0142e stymulowanie smaku<\/span><\/strong><\/p>\n<p><img loading=\"lazy\" decoding=\"async\" class=\"size-full wp-image-3934 aligncenter\" src=\"http:\/\/www.chillmistvape.com\/wp-content\/uploads\/2024\/07\/\u5927\u6c34\u70df\u8be6\u60c54.jpg\" alt=\"\" width=\"1200\" height=\"1645\" srcset=\"https:\/\/www.chillmistvape.com\/wp-content\/uploads\/2024\/07\/\u5927\u6c34\u70df\u8be6\u60c54.jpg 1200w, https:\/\/www.chillmistvape.com\/wp-content\/uploads\/2024\/07\/\u5927\u6c34\u70df\u8be6\u60c54-219x300.jpg 219w, https:\/\/www.chillmistvape.com\/wp-content\/uploads\/2024\/07\/\u5927\u6c34\u70df\u8be6\u60c54-747x1024.jpg 747w, https:\/\/www.chillmistvape.com\/wp-content\/uploads\/2024\/07\/\u5927\u6c34\u70df\u8be6\u60c54-768x1053.jpg 768w, https:\/\/www.chillmistvape.com\/wp-content\/uploads\/2024\/07\/\u5927\u6c34\u70df\u8be6\u60c54-1120x1536.jpg 1120w, https:\/\/www.chillmistvape.com\/wp-content\/uploads\/2024\/07\/\u5927\u6c34\u70df\u8be6\u60c54-600x823.jpg 600w\" sizes=\"(max-width: 1200px) 100vw, 1200px\" \/><\/p>\n<p style=\"text-align: center;\"><strong><span style=\"font-size: 18pt; font-family: arial, helvetica, sans-serif;\">Jedna maszyna, jedna technologia szyfrowania bomby<\/span><\/strong><\/p>\n<p style=\"text-align: center;\"><strong><span style=\"font-size: 14pt; font-family: arial, helvetica, sans-serif;\">Dysza jednorazowa, wykonana z materia\u0142\u00f3w \u017cywno\u015bciowych, jest wygodna i higieniczna, gdy go u\u017cywa wiele os\u00f3b.<\/span><\/strong><\/p>\n<p style=\"text-align: center;\"><strong><span style=\"font-size: 14pt; font-family: arial, helvetica, sans-serif;\">Bomby TT jedn\u0105 maszyn\u0119, jedn\u0105 technologi\u0119 szyfrowania bomb.4.5ML du\u017cej pojemno\u015bci p\u0142yn atomizowany aromatem owoc\u00f3w.0.50 Ruch atomizacji Nautilus<\/span><\/strong><\/p>\n<p style=\"text-align: center;\"><strong><span style=\"font-size: 14pt; font-family: arial, helvetica, sans-serif;\">Du\u017cy kaliber powietrza inlet.output super dym.<\/span><\/strong><\/p>\n<p><img loading=\"lazy\" decoding=\"async\" class=\"aligncenter size-full wp-image-3935\" src=\"http:\/\/www.chillmistvape.com\/wp-content\/uploads\/2024\/07\/\u5927\u6c34\u70df\u8be6\u60c55.jpg\" alt=\"\" width=\"1200\" height=\"1486\" srcset=\"https:\/\/www.chillmistvape.com\/wp-content\/uploads\/2024\/07\/\u5927\u6c34\u70df\u8be6\u60c55.jpg 1200w, https:\/\/www.chillmistvape.com\/wp-content\/uploads\/2024\/07\/\u5927\u6c34\u70df\u8be6\u60c55-242x300.jpg 242w, https:\/\/www.chillmistvape.com\/wp-content\/uploads\/2024\/07\/\u5927\u6c34\u70df\u8be6\u60c55-827x1024.jpg 827w, https:\/\/www.chillmistvape.com\/wp-content\/uploads\/2024\/07\/\u5927\u6c34\u70df\u8be6\u60c55-768x951.jpg 768w, https:\/\/www.chillmistvape.com\/wp-content\/uploads\/2024\/07\/\u5927\u6c34\u70df\u8be6\u60c55-600x743.jpg 600w\" sizes=\"(max-width: 1200px) 100vw, 1200px\" \/><\/p>\n<p style=\"text-align: center;\"><strong><span style=\"font-family: arial, helvetica, sans-serif; font-size: 18pt;\">Nadaje si\u0119 do wszystkich scenariuszy nieformalnych spotka\u0144 Stw\u00f3rz stylowe i fajne do\u015bwiadczenie. Warto w\u0142asnego!<\/span><\/strong><\/p>\n<p style=\"text-align: center;\"><strong><span style=\"font-family: arial, helvetica, sans-serif; font-size: 18pt;\">Nadaje si\u0119 do wszelkiego rodzaju bar\u00f3w wysokiej klasy, klubu biznesowego, KTV, VAPE CLUB&#8230;<\/span><\/strong><\/p>\n<p><img loading=\"lazy\" decoding=\"async\" class=\"aligncenter size-full wp-image-3936\" src=\"http:\/\/www.chillmistvape.com\/wp-content\/uploads\/2024\/07\/\u5927\u6c34\u70df\u8be6\u60c56.jpg\" alt=\"\" width=\"1200\" height=\"1256\" srcset=\"https:\/\/www.chillmistvape.com\/wp-content\/uploads\/2024\/07\/\u5927\u6c34\u70df\u8be6\u60c56.jpg 1200w, https:\/\/www.chillmistvape.com\/wp-content\/uploads\/2024\/07\/\u5927\u6c34\u70df\u8be6\u60c56-287x300.jpg 287w, https:\/\/www.chillmistvape.com\/wp-content\/uploads\/2024\/07\/\u5927\u6c34\u70df\u8be6\u60c56-978x1024.jpg 978w, https:\/\/www.chillmistvape.com\/wp-content\/uploads\/2024\/07\/\u5927\u6c34\u70df\u8be6\u60c56-768x804.jpg 768w, https:\/\/www.chillmistvape.com\/wp-content\/uploads\/2024\/07\/\u5927\u6c34\u70df\u8be6\u60c56-600x628.jpg 600w\" sizes=\"(max-width: 1200px) 100vw, 1200px\" \/><\/p>\n<p style=\"text-align: center;\"><span style=\"font-size: 24pt;\"><strong><span style=\"font-family: arial, helvetica, sans-serif;\">Produkt mo\u017cna dostosowa\u0107 za pomoc\u0105 logo.<\/span><\/strong><\/span><\/p>\n<p style=\"text-align: center;\"><span style=\"font-size: 24pt;\"><strong><span style=\"font-family: arial, helvetica, sans-serif;\"> Wz\u00f3r LED mo\u017cna zaprojektowa\u0107 sam.<\/span><\/strong><\/span><\/p>","protected":false},"excerpt":{"rendered":"<p>LIGHT EFFECT LED AND RED LASER LIGHTS ChillMist Electronic Hookah Air Shisha With gradual LED Light effect, 3 groups of red laser lights , surrounded by cloud, which make your vape extremely cool. Large smoke LED light column Dazzling laser Rich flavors Long endurance Double handle Comfortable grip Continuously stimulating the taste ONE MACHINE,ONE BOMB [&hellip;]<\/p>\n","protected":false},"featured_media":3770,"comment_status":"open","ping_status":"closed","template":"","meta":{"_acf_changed":false},"product_brand":[],"product_cat":[48],"product_tag":[],"class_list":{"0":"post-3769","1":"product","2":"type-product","3":"status-publish","4":"has-post-thumbnail","6":"product_cat-shisha","8":"first","9":"instock","10":"shipping-taxable","11":"product-type-simple"},"acf":[],"_links":{"self":[{"href":"https:\/\/www.chillmistvape.com\/pl\/wp-json\/wp\/v2\/product\/3769","targetHints":{"allow":["GET"]}}],"collection":[{"href":"https:\/\/www.chillmistvape.com\/pl\/wp-json\/wp\/v2\/product"}],"about":[{"href":"https:\/\/www.chillmistvape.com\/pl\/wp-json\/wp\/v2\/types\/product"}],"replies":[{"embeddable":true,"href":"https:\/\/www.chillmistvape.com\/pl\/wp-json\/wp\/v2\/comments?post=3769"}],"wp:featuredmedia":[{"embeddable":true,"href":"https:\/\/www.chillmistvape.com\/pl\/wp-json\/wp\/v2\/media\/3770"}],"wp:attachment":[{"href":"https:\/\/www.chillmistvape.com\/pl\/wp-json\/wp\/v2\/media?parent=3769"}],"wp:term":[{"taxonomy":"product_brand","embeddable":true,"href":"https:\/\/www.chillmistvape.com\/pl\/wp-json\/wp\/v2\/product_brand?post=3769"},{"taxonomy":"product_cat","embeddable":true,"href":"https:\/\/www.chillmistvape.com\/pl\/wp-json\/wp\/v2\/product_cat?post=3769"},{"taxonomy":"product_tag","embeddable":true,"href":"https:\/\/www.chillmistvape.com\/pl\/wp-json\/wp\/v2\/product_tag?post=3769"}],"curies":[{"name":"WP","href":"https:\/\/api.w.org\/{rel}","templated":true}]}}