{"id":3803,"date":"2024-07-05T19:49:26","date_gmt":"2024-07-05T11:49:26","guid":{"rendered":"https:\/\/www.chillmistvape.com\/?post_type=product&#038;p=3803"},"modified":"2025-06-12T21:30:13","modified_gmt":"2025-06-12T13:30:13","slug":"cmt001-3","status":"publish","type":"product","link":"https:\/\/www.chillmistvape.com\/pl\/product\/cmt001-3\/","title":{"rendered":"CMT001-3"},"content":{"rendered":"<p style=\"text-align: center;\"><span style=\"font-family: arial, helvetica, sans-serif; font-size: 18pt; color: #141414;\"><strong>Prawdziwy smak tytoniu<\/strong><\/span><\/p>\n<p><img fetchpriority=\"high\" decoding=\"async\" class=\"alignnone size-full wp-image-3703\" src=\"http:\/\/www.chillmistvape.com\/wp-content\/uploads\/2024\/06\/169874984.jpg\" alt=\"\" width=\"1920\" height=\"1397\" srcset=\"https:\/\/www.chillmistvape.com\/wp-content\/uploads\/2024\/06\/169874984.jpg 1920w, https:\/\/www.chillmistvape.com\/wp-content\/uploads\/2024\/06\/169874984-300x218.jpg 300w, https:\/\/www.chillmistvape.com\/wp-content\/uploads\/2024\/06\/169874984-1024x745.jpg 1024w, https:\/\/www.chillmistvape.com\/wp-content\/uploads\/2024\/06\/169874984-768x559.jpg 768w, https:\/\/www.chillmistvape.com\/wp-content\/uploads\/2024\/06\/169874984-1536x1118.jpg 1536w, https:\/\/www.chillmistvape.com\/wp-content\/uploads\/2024\/06\/169874984-600x437.jpg 600w\" sizes=\"(max-width: 1920px) 100vw, 1920px\" \/> <img decoding=\"async\" class=\"alignnone size-full wp-image-3704\" src=\"http:\/\/www.chillmistvape.com\/wp-content\/uploads\/2024\/06\/285289859.jpg\" alt=\"\" width=\"1920\" height=\"1574\" srcset=\"https:\/\/www.chillmistvape.com\/wp-content\/uploads\/2024\/06\/285289859.jpg 1920w, https:\/\/www.chillmistvape.com\/wp-content\/uploads\/2024\/06\/285289859-300x246.jpg 300w, https:\/\/www.chillmistvape.com\/wp-content\/uploads\/2024\/06\/285289859-1024x839.jpg 1024w, https:\/\/www.chillmistvape.com\/wp-content\/uploads\/2024\/06\/285289859-768x630.jpg 768w, https:\/\/www.chillmistvape.com\/wp-content\/uploads\/2024\/06\/285289859-1536x1259.jpg 1536w, https:\/\/www.chillmistvape.com\/wp-content\/uploads\/2024\/06\/285289859-600x492.jpg 600w\" sizes=\"(max-width: 1920px) 100vw, 1920px\" \/> <img decoding=\"async\" class=\"alignnone size-full wp-image-3705\" src=\"http:\/\/www.chillmistvape.com\/wp-content\/uploads\/2024\/06\/3589478.jpg\" alt=\"\" width=\"1920\" height=\"1349\" srcset=\"https:\/\/www.chillmistvape.com\/wp-content\/uploads\/2024\/06\/3589478.jpg 1920w, https:\/\/www.chillmistvape.com\/wp-content\/uploads\/2024\/06\/3589478-300x211.jpg 300w, https:\/\/www.chillmistvape.com\/wp-content\/uploads\/2024\/06\/3589478-1024x719.jpg 1024w, https:\/\/www.chillmistvape.com\/wp-content\/uploads\/2024\/06\/3589478-768x540.jpg 768w, https:\/\/www.chillmistvape.com\/wp-content\/uploads\/2024\/06\/3589478-1536x1079.jpg 1536w, https:\/\/www.chillmistvape.com\/wp-content\/uploads\/2024\/06\/3589478-600x422.jpg 600w\" sizes=\"(max-width: 1920px) 100vw, 1920px\" \/><\/p>\n<p style=\"text-align: center;\"><strong><span style=\"font-family: arial, helvetica, sans-serif; font-size: 18pt; color: #141414;\">95% mniej<\/span><\/strong><br \/>\n<strong><span style=\"font-family: arial, helvetica, sans-serif; font-size: 18pt; color: #141414;\">Szkodliwe substancje chemiczne<\/span><\/strong><br \/>\n<strong><span style=\"font-family: arial, helvetica, sans-serif; font-size: 18pt; color: #141414;\">W por\u00f3wnaniu do papieros\u00f3w<\/span><\/strong><\/p>\n<p style=\"text-align: center;\"><strong><span style=\"font-size: 18pt; font-family: arial, helvetica, sans-serif; color: #141414;\">Ogrzewane tyto\u0144: ABlepszy wyborW por\u00f3wnaniu do papieros\u00f3w.<\/span><\/strong><\/p>\n<p style=\"text-align: center;\"><strong><span style=\"font-size: 18pt; font-family: arial, helvetica, sans-serif; color: #141414;\">Szeroki wyb\u00f3r zestaw\u00f3w do palenia<\/span><\/strong><\/p>\n<p style=\"text-align: center;\"><strong><span style=\"font-size: 18pt; color: #141414; font-family: arial, helvetica, sans-serif;\">SHENZHEN QIANHE TECHNOLOGY CO., LTD.<\/span><\/strong><\/p>","protected":false},"excerpt":{"rendered":"<p>Prawdziwy smak tytoniu 95% mniej szkodliwych substancji chemicznych w por\u00f3wnaniu do papieros\u00f3w Ogrzewany tyto\u0144: ABlepszy wyb\u00f3r w por\u00f3wnaniu do papieros\u00f3w. Szeroki wyb\u00f3r zestaw\u00f3w do palenia SHENZHEN QIANHE TECHNOLOGY CO., LTD.<\/p>","protected":false},"featured_media":3804,"comment_status":"open","ping_status":"closed","template":"","meta":{"_acf_changed":false},"product_brand":[],"product_cat":[51],"product_tag":[],"class_list":{"0":"post-3803","1":"product","2":"type-product","3":"status-publish","4":"has-post-thumbnail","6":"product_cat-hnb","8":"first","9":"instock","10":"shipping-taxable","11":"product-type-simple"},"acf":[],"_links":{"self":[{"href":"https:\/\/www.chillmistvape.com\/pl\/wp-json\/wp\/v2\/product\/3803","targetHints":{"allow":["GET"]}}],"collection":[{"href":"https:\/\/www.chillmistvape.com\/pl\/wp-json\/wp\/v2\/product"}],"about":[{"href":"https:\/\/www.chillmistvape.com\/pl\/wp-json\/wp\/v2\/types\/product"}],"replies":[{"embeddable":true,"href":"https:\/\/www.chillmistvape.com\/pl\/wp-json\/wp\/v2\/comments?post=3803"}],"wp:featuredmedia":[{"embeddable":true,"href":"https:\/\/www.chillmistvape.com\/pl\/wp-json\/wp\/v2\/media\/3804"}],"wp:attachment":[{"href":"https:\/\/www.chillmistvape.com\/pl\/wp-json\/wp\/v2\/media?parent=3803"}],"wp:term":[{"taxonomy":"product_brand","embeddable":true,"href":"https:\/\/www.chillmistvape.com\/pl\/wp-json\/wp\/v2\/product_brand?post=3803"},{"taxonomy":"product_cat","embeddable":true,"href":"https:\/\/www.chillmistvape.com\/pl\/wp-json\/wp\/v2\/product_cat?post=3803"},{"taxonomy":"product_tag","embeddable":true,"href":"https:\/\/www.chillmistvape.com\/pl\/wp-json\/wp\/v2\/product_tag?post=3803"}],"curies":[{"name":"WP","href":"https:\/\/api.w.org\/{rel}","templated":true}]}}