{"id":3977,"date":"2024-08-24T16:32:26","date_gmt":"2024-08-24T08:32:26","guid":{"rendered":"https:\/\/www.chillmistvape.com\/?post_type=product&#038;p=3977"},"modified":"2025-12-31T18:56:01","modified_gmt":"2025-12-31T10:56:01","slug":"cmt-q001","status":"publish","type":"product","link":"https:\/\/www.chillmistvape.com\/pl\/product\/cmt-q001\/","title":{"rendered":"HEATX"},"content":{"rendered":"<p><img fetchpriority=\"high\" decoding=\"async\" class=\"aligncenter size-full wp-image-5158\" src=\"http:\/\/www.chillmistvape.com\/wp-content\/uploads\/2024\/08\/wangye1-1.gif\" alt=\"\" width=\"1920\" height=\"1073\" \/><img decoding=\"async\" class=\"aligncenter size-full wp-image-5159\" src=\"http:\/\/www.chillmistvape.com\/wp-content\/uploads\/2024\/08\/wangye2-1.gif\" alt=\"\" width=\"1920\" height=\"1086\" \/><img decoding=\"async\" class=\"aligncenter size-full wp-image-5160\" src=\"http:\/\/www.chillmistvape.com\/wp-content\/uploads\/2024\/08\/wangye3-2.gif\" alt=\"\" width=\"1920\" height=\"1077\" \/><img loading=\"lazy\" decoding=\"async\" class=\"aligncenter size-full wp-image-5161\" src=\"http:\/\/www.chillmistvape.com\/wp-content\/uploads\/2024\/08\/wangye4.gif\" alt=\"\" width=\"1920\" height=\"1086\" \/><img loading=\"lazy\" decoding=\"async\" class=\"aligncenter size-full wp-image-5162\" src=\"http:\/\/www.chillmistvape.com\/wp-content\/uploads\/2024\/08\/wangye5.gif\" alt=\"\" width=\"1920\" height=\"1073\" \/><img loading=\"lazy\" decoding=\"async\" class=\"aligncenter size-full wp-image-5370\" src=\"https:\/\/www.chillmistvape.com\/wp-content\/uploads\/2024\/08\/h11.jpg\" alt=\"\" width=\"1600\" height=\"900\" srcset=\"https:\/\/www.chillmistvape.com\/wp-content\/uploads\/2024\/08\/h11.jpg 1600w, https:\/\/www.chillmistvape.com\/wp-content\/uploads\/2024\/08\/h11-300x169.jpg 300w, https:\/\/www.chillmistvape.com\/wp-content\/uploads\/2024\/08\/h11-1024x576.jpg 1024w, https:\/\/www.chillmistvape.com\/wp-content\/uploads\/2024\/08\/h11-768x432.jpg 768w, https:\/\/www.chillmistvape.com\/wp-content\/uploads\/2024\/08\/h11-1536x864.jpg 1536w, https:\/\/www.chillmistvape.com\/wp-content\/uploads\/2024\/08\/h11-18x10.jpg 18w, https:\/\/www.chillmistvape.com\/wp-content\/uploads\/2024\/08\/h11-600x338.jpg 600w\" sizes=\"(max-width: 1600px) 100vw, 1600px\" \/><img loading=\"lazy\" decoding=\"async\" class=\"aligncenter size-full wp-image-5164\" src=\"http:\/\/www.chillmistvape.com\/wp-content\/uploads\/2024\/08\/wangye7.jpg\" alt=\"\" width=\"1920\" height=\"1080\" srcset=\"https:\/\/www.chillmistvape.com\/wp-content\/uploads\/2024\/08\/wangye7.jpg 1920w, https:\/\/www.chillmistvape.com\/wp-content\/uploads\/2024\/08\/wangye7-300x169.jpg 300w, https:\/\/www.chillmistvape.com\/wp-content\/uploads\/2024\/08\/wangye7-1024x576.jpg 1024w, https:\/\/www.chillmistvape.com\/wp-content\/uploads\/2024\/08\/wangye7-768x432.jpg 768w, https:\/\/www.chillmistvape.com\/wp-content\/uploads\/2024\/08\/wangye7-1536x864.jpg 1536w, https:\/\/www.chillmistvape.com\/wp-content\/uploads\/2024\/08\/wangye7-600x338.jpg 600w\" sizes=\"(max-width: 1920px) 100vw, 1920px\" \/><img loading=\"lazy\" decoding=\"async\" class=\"aligncenter size-full wp-image-5165\" src=\"http:\/\/www.chillmistvape.com\/wp-content\/uploads\/2024\/08\/wangye8.gif\" alt=\"\" width=\"1920\" height=\"1079\" \/><img loading=\"lazy\" decoding=\"async\" class=\"aligncenter size-full wp-image-5166\" src=\"http:\/\/www.chillmistvape.com\/wp-content\/uploads\/2024\/08\/wangye9.jpg\" alt=\"\" width=\"1920\" height=\"1080\" srcset=\"https:\/\/www.chillmistvape.com\/wp-content\/uploads\/2024\/08\/wangye9.jpg 1920w, https:\/\/www.chillmistvape.com\/wp-content\/uploads\/2024\/08\/wangye9-300x169.jpg 300w, https:\/\/www.chillmistvape.com\/wp-content\/uploads\/2024\/08\/wangye9-1024x576.jpg 1024w, https:\/\/www.chillmistvape.com\/wp-content\/uploads\/2024\/08\/wangye9-768x432.jpg 768w, https:\/\/www.chillmistvape.com\/wp-content\/uploads\/2024\/08\/wangye9-1536x864.jpg 1536w, https:\/\/www.chillmistvape.com\/wp-content\/uploads\/2024\/08\/wangye9-600x338.jpg 600w\" sizes=\"(max-width: 1920px) 100vw, 1920px\" \/><img loading=\"lazy\" decoding=\"async\" class=\"aligncenter size-full wp-image-5168\" src=\"http:\/\/www.chillmistvape.com\/wp-content\/uploads\/2024\/08\/wangye10-1.gif\" alt=\"\" width=\"1920\" height=\"482\" \/><iframe src=\"\/\/www.youtube.com\/embed\/mvJHrKfmggY?si=jkDtUBsWL0pos1SX\" width=\"1920\" height=\"1077\" allowfullscreen=\"allowfullscreen\"><\/iframe><\/p>","protected":false},"excerpt":{"rendered":"<p>Projektowanie ECO<br \/>\nPe\u0142ne funkcje i lepsze do\u015bwiadczenie w przyst\u0119pnej cenie<br \/>\nTryb wzmocnienia<br \/>\nUlepszenie jednym klikni\u0119ciem Bardziej satysfakcjonuj\u0105ce do\u015bwiadczenie<br \/>\nMinimalistyczny wy\u015bwietlacz<br \/>\nIntuicyjna wizualizacja informacji<br \/>\nLicznik Puff<br \/>\nKontroluj rytm puff<br \/>\nUltra kompaktowy<br \/>\nBardzo przeno\u015bny od niewielkich rozmiar\u00f3w<br \/>\nKszta\u0142t ergonomiczny<br \/>\nWygodny uchwyt z kamienistego korpusu<\/p>","protected":false},"featured_media":4591,"comment_status":"open","ping_status":"closed","template":"","meta":{"_acf_changed":false},"product_brand":[],"product_cat":[51,49],"product_tag":[],"class_list":{"0":"post-3977","1":"product","2":"type-product","3":"status-publish","4":"has-post-thumbnail","6":"product_cat-hnb","7":"product_cat-new-arrival","9":"first","10":"instock","11":"shipping-taxable","12":"product-type-simple"},"acf":[],"_links":{"self":[{"href":"https:\/\/www.chillmistvape.com\/pl\/wp-json\/wp\/v2\/product\/3977","targetHints":{"allow":["GET"]}}],"collection":[{"href":"https:\/\/www.chillmistvape.com\/pl\/wp-json\/wp\/v2\/product"}],"about":[{"href":"https:\/\/www.chillmistvape.com\/pl\/wp-json\/wp\/v2\/types\/product"}],"replies":[{"embeddable":true,"href":"https:\/\/www.chillmistvape.com\/pl\/wp-json\/wp\/v2\/comments?post=3977"}],"wp:featuredmedia":[{"embeddable":true,"href":"https:\/\/www.chillmistvape.com\/pl\/wp-json\/wp\/v2\/media\/4591"}],"wp:attachment":[{"href":"https:\/\/www.chillmistvape.com\/pl\/wp-json\/wp\/v2\/media?parent=3977"}],"wp:term":[{"taxonomy":"product_brand","embeddable":true,"href":"https:\/\/www.chillmistvape.com\/pl\/wp-json\/wp\/v2\/product_brand?post=3977"},{"taxonomy":"product_cat","embeddable":true,"href":"https:\/\/www.chillmistvape.com\/pl\/wp-json\/wp\/v2\/product_cat?post=3977"},{"taxonomy":"product_tag","embeddable":true,"href":"https:\/\/www.chillmistvape.com\/pl\/wp-json\/wp\/v2\/product_tag?post=3977"}],"curies":[{"name":"WP","href":"https:\/\/api.w.org\/{rel}","templated":true}]}}