{"id":4265,"date":"2024-12-10T16:56:06","date_gmt":"2024-12-10T08:56:06","guid":{"rendered":"https:\/\/www.chillmistvape.com\/?post_type=product&#038;p=4265"},"modified":"2025-11-06T14:44:41","modified_gmt":"2025-11-06T06:44:41","slug":"cmp006","status":"publish","type":"product","link":"https:\/\/www.chillmistvape.com\/pl\/product\/cmp006\/","title":{"rendered":"CMP006"},"content":{"rendered":"<p style=\"text-align: center;\"><strong><span style=\"font-family: arial, helvetica, sans-serif; font-size: 18pt; color: #171717;\">Inteligentna innowacyjna technologia do parzenia przyjemno\u015bci<\/span><\/strong><\/p>\n<p style=\"text-align: center;\"><span style=\"color: #171717; font-size: 18pt;\"><strong><span style=\"font-family: arial, helvetica, sans-serif;\">1000 500MAHBATERIA<\/span><\/strong><\/span><\/p>\n<p style=\"text-align: center;\"><span style=\"color: #171717; font-size: 18pt;\"><strong><span style=\"font-family: arial, helvetica, sans-serif;\">2.01202HSCREEN<\/span><\/strong><\/span><\/p>\n<p><img fetchpriority=\"high\" decoding=\"async\" class=\"aligncenter size-full wp-image-4266\" src=\"http:\/\/www.chillmistvape.com\/wp-content\/uploads\/2024\/12\/123_01.jpg\" alt=\"\" width=\"1280\" height=\"858\" srcset=\"https:\/\/www.chillmistvape.com\/wp-content\/uploads\/2024\/12\/123_01.jpg 1280w, https:\/\/www.chillmistvape.com\/wp-content\/uploads\/2024\/12\/123_01-300x201.jpg 300w, https:\/\/www.chillmistvape.com\/wp-content\/uploads\/2024\/12\/123_01-1024x686.jpg 1024w, https:\/\/www.chillmistvape.com\/wp-content\/uploads\/2024\/12\/123_01-768x515.jpg 768w, https:\/\/www.chillmistvape.com\/wp-content\/uploads\/2024\/12\/123_01-600x402.jpg 600w\" sizes=\"(max-width: 1280px) 100vw, 1280px\" \/><\/p>\n<p style=\"text-align: center;\"><strong><span style=\"font-family: arial, helvetica, sans-serif; font-size: 18pt; color: #171717;\">SV25 POD wype\u0142niony<\/span><\/strong><\/p>\n<p style=\"text-align: center;\"><strong><span style=\"font-family: arial, helvetica, sans-serif; font-size: 18pt; color: #171717;\">10000-18000PUFFS<\/span><\/strong><\/p>\n<p style=\"text-align: center;\"><strong><span style=\"font-family: arial, helvetica, sans-serif; font-size: 18pt; color: #171717;\">Pody, kt\u00f3re mo\u017cna u\u017cywa\u0107 samotnie<br \/>\nNawet bez wsparcia baterii, nadal mo\u017ce zaspokoi\u0107 smak<\/span><\/strong><\/p>\n<p>&nbsp;<\/p>\n<p><img decoding=\"async\" class=\"aligncenter size-full wp-image-4267\" src=\"http:\/\/www.chillmistvape.com\/wp-content\/uploads\/2024\/12\/123_02.jpg\" alt=\"\" width=\"1280\" height=\"729\" srcset=\"https:\/\/www.chillmistvape.com\/wp-content\/uploads\/2024\/12\/123_02.jpg 1280w, https:\/\/www.chillmistvape.com\/wp-content\/uploads\/2024\/12\/123_02-300x171.jpg 300w, https:\/\/www.chillmistvape.com\/wp-content\/uploads\/2024\/12\/123_02-1024x583.jpg 1024w, https:\/\/www.chillmistvape.com\/wp-content\/uploads\/2024\/12\/123_02-768x437.jpg 768w, https:\/\/www.chillmistvape.com\/wp-content\/uploads\/2024\/12\/123_02-600x342.jpg 600w\" sizes=\"(max-width: 1280px) 100vw, 1280px\" \/><\/p>\n<p style=\"text-align: center;\"><strong><span style=\"font-family: arial, helvetica, sans-serif; font-size: 18pt; color: #171717;\">Innowacyjne po\u0142\u0105czenie, komunikacja z chmurami<br \/>\n<\/span><\/strong><span style=\"font-family: arial, helvetica, sans-serif; font-size: 18pt; color: #171717;\"><span style=\"font-size: 14pt;\">Pierwsze w historii urz\u0105dzenie posiada wbudowany modu\u0142 o wysokiej wra\u017cliwo\u015bci Bluetoo.th, kt\u00f3ry mo\u017ce by\u0107 idealnie dopasowany do telefonu. Czy to&#8217; s do negocjacji biznesowych lub czasu wolnego, z tylko gentlepress bez wyci\u0105gania telefonu z kieszeni, mo\u017cesz cieszy\u0107 si\u0119 reaguj\u0105cym i p\u0142ynnym <\/span><\/span><span style=\"font-family: arial, helvetica, sans-serif; font-size: 18pt; color: #171717;\"><span style=\"font-size: 14pt;\">dzwonienie<\/span><\/span><\/p>\n<p style=\"text-align: center;\"><strong><span style=\"font-family: arial, helvetica, sans-serif; font-size: 18pt; color: #171717;\">BluetoothDialing \/ One-ClickDialing \/ KontaktySynchronizacja \/ CrispSounding<\/span><\/strong><\/p>\n<p>&nbsp;<\/p>\n<p><img decoding=\"async\" class=\"aligncenter size-full wp-image-4268\" src=\"http:\/\/www.chillmistvape.com\/wp-content\/uploads\/2024\/12\/123_03.jpg\" alt=\"\" width=\"1280\" height=\"980\" srcset=\"https:\/\/www.chillmistvape.com\/wp-content\/uploads\/2024\/12\/123_03.jpg 1280w, https:\/\/www.chillmistvape.com\/wp-content\/uploads\/2024\/12\/123_03-300x230.jpg 300w, https:\/\/www.chillmistvape.com\/wp-content\/uploads\/2024\/12\/123_03-1024x784.jpg 1024w, https:\/\/www.chillmistvape.com\/wp-content\/uploads\/2024\/12\/123_03-768x588.jpg 768w, https:\/\/www.chillmistvape.com\/wp-content\/uploads\/2024\/12\/123_03-600x459.jpg 600w\" sizes=\"(max-width: 1280px) 100vw, 1280px\" \/><\/p>\n<p style=\"text-align: center;\"><strong><span style=\"font-family: arial, helvetica, sans-serif; font-size: 18pt; color: #171717;\">Dostosowanie mocy niesko\u0144czonej<br \/>\n<\/span><\/strong><span style=\"font-family: arial, helvetica, sans-serif; font-size: 18pt; color: #171717;\"><span style=\"font-size: 14pt;\">Do\u015bwiadcz niesko\u0144czonych poziom\u00f3w regulacji, kt\u00f3re dostosowuj\u0105 si\u0119 do twoich \u017cycze\u0144 i potrzeb dzi\u0119ki innowacyjnemu ekranowi dotykowemu.<\/span><\/span><\/p>\n<p style=\"text-align: center;\"><strong><span style=\"font-family: arial, helvetica, sans-serif; font-size: 18pt; color: #171717;\">Szybko prze\u0142\u0105cza\u0107 mi\u0119dzy trybem Boost a trybem Normalny<\/span><\/strong><\/p>\n<p>&nbsp;<\/p>\n<p><img loading=\"lazy\" decoding=\"async\" class=\"aligncenter size-full wp-image-4269\" src=\"http:\/\/www.chillmistvape.com\/wp-content\/uploads\/2024\/12\/123_04.jpg\" alt=\"\" width=\"1280\" height=\"971\" srcset=\"https:\/\/www.chillmistvape.com\/wp-content\/uploads\/2024\/12\/123_04.jpg 1280w, https:\/\/www.chillmistvape.com\/wp-content\/uploads\/2024\/12\/123_04-300x228.jpg 300w, https:\/\/www.chillmistvape.com\/wp-content\/uploads\/2024\/12\/123_04-1024x777.jpg 1024w, https:\/\/www.chillmistvape.com\/wp-content\/uploads\/2024\/12\/123_04-768x583.jpg 768w, https:\/\/www.chillmistvape.com\/wp-content\/uploads\/2024\/12\/123_04-600x455.jpg 600w\" sizes=\"(max-width: 1280px) 100vw, 1280px\" \/><\/p>\n<p style=\"text-align: center;\"><strong><span style=\"font-family: arial, helvetica, sans-serif; font-size: 18pt; color: #171717;\">WIBING WITH BITS, VAPINGIN STYLES<br \/>\n<\/span><\/strong><span style=\"font-family: arial, helvetica, sans-serif; font-size: 18pt; color: #171717;\"><span style=\"font-size: 14pt;\">Niech przyjemna melodia i wygodny smak si\u0119 przeplataj\u0105, sprawiaj\u0105c, \u017ce ka\u017cdy oddech czuje si\u0119 jak koncert dla twoich duch\u00f3w. Odt\u0105d vaping nie jest ju\u017c zwyk\u0142ym dzia\u0142aniem, ale kompleksowym do\u015bwiadczeniem, kt\u00f3re integruje przyjemno\u015b\u0107 ze wszystkich zmys\u0142\u00f3w, otwieraj\u0105c wy\u017cszy poziom stylu \u017cycia dla Ciebie. Od tej chwili niech muzyka ta\u0144czy z tob\u0105 i niech &#8216; chmura i styl towarzysz\u0105 Ci w podr\u00f3\u017cy.<\/span><\/span><\/p>\n<p><img loading=\"lazy\" decoding=\"async\" class=\"aligncenter size-full wp-image-4270\" src=\"http:\/\/www.chillmistvape.com\/wp-content\/uploads\/2024\/12\/123_05.jpg\" alt=\"\" width=\"1280\" height=\"972\" srcset=\"https:\/\/www.chillmistvape.com\/wp-content\/uploads\/2024\/12\/123_05.jpg 1280w, https:\/\/www.chillmistvape.com\/wp-content\/uploads\/2024\/12\/123_05-300x228.jpg 300w, https:\/\/www.chillmistvape.com\/wp-content\/uploads\/2024\/12\/123_05-1024x778.jpg 1024w, https:\/\/www.chillmistvape.com\/wp-content\/uploads\/2024\/12\/123_05-768x583.jpg 768w, https:\/\/www.chillmistvape.com\/wp-content\/uploads\/2024\/12\/123_05-600x456.jpg 600w\" sizes=\"(max-width: 1280px) 100vw, 1280px\" \/><\/p>\n<p style=\"text-align: center;\"><strong><span style=\"font-family: arial, helvetica, sans-serif; font-size: 18pt; color: #171717;\">Wizualna impreza: SEIZE CONTROL<br \/>\n<\/span><\/strong><span style=\"font-family: arial, helvetica, sans-serif; font-size: 18pt; color: #171717;\"><span style=\"font-size: 14pt;\">Gry w d\u0142oni, Chilling with the Cloud: Dzi\u0119ki ekranowi dotykowemu o wysokiej rozdzielczo\u015bci mo\u017cesz w ka\u017cdej chwili cieszy\u0107 si\u0119 r\u00f3\u017cnymi ekscytuj\u0105cymi grami. Czy one&#8217; re casual mini-gry lub strategiczne wyzwania poziomy, z tylko wy\u015bwietlony dotyk vape, mo\u017cesz synchronicznie nurkowa\u0107 w \u015bwiecie gier.<\/span><\/span><\/p>\n<p><img loading=\"lazy\" decoding=\"async\" class=\"aligncenter size-full wp-image-4271\" src=\"http:\/\/www.chillmistvape.com\/wp-content\/uploads\/2024\/12\/123_06.jpg\" alt=\"\" width=\"1280\" height=\"963\" srcset=\"https:\/\/www.chillmistvape.com\/wp-content\/uploads\/2024\/12\/123_06.jpg 1280w, https:\/\/www.chillmistvape.com\/wp-content\/uploads\/2024\/12\/123_06-300x226.jpg 300w, https:\/\/www.chillmistvape.com\/wp-content\/uploads\/2024\/12\/123_06-1024x770.jpg 1024w, https:\/\/www.chillmistvape.com\/wp-content\/uploads\/2024\/12\/123_06-768x578.jpg 768w, https:\/\/www.chillmistvape.com\/wp-content\/uploads\/2024\/12\/123_06-600x451.jpg 600w\" sizes=\"(max-width: 1280px) 100vw, 1280px\" \/><\/p>\n<p style=\"text-align: center;\"><strong><span style=\"font-family: arial, helvetica, sans-serif; font-size: 18pt; color: #171717;\">Specyfikacje zestawu SMART VAPE POD:<br \/>\n<\/span><\/strong><span style=\"font-family: arial, helvetica, sans-serif; font-size: 18pt; color: #171717;\"><span style=\"font-size: 14pt;\">Rozmiar: 52 mm * 25,5 mm * 119,3 mm\u00a0 \u00a0 \u00a0 \u00a0 \u00a0 \u00a0 \u00a0<\/span><\/span><span style=\"font-family: arial, helvetica, sans-serif; font-size: 18pt; color: #171717;\"><span style=\"font-size: 14pt;\">Pojemno\u015b\u0107 e-soku: 16ml<br \/>\nOdporno\u015b\u0107: DUAL1.0Q PUFFS: UPTO10000-18000 PUFFS<\/span><\/span><\/p>\n<p style=\"text-align: center;\"><span style=\"font-family: arial, helvetica, sans-serif; font-size: 18pt; color: #171717;\"><span style=\"font-size: 14pt;\">Pojemno\u015b\u0107 baterii: 1000 500MAH\u00a0 \u00a0 <\/span><\/span><span style=\"font-family: arial, helvetica, sans-serif; font-size: 18pt; color: #171717;\"><span style=\"font-size: 14pt;\">Port \u0142adowania: TYP-C.<\/span><\/span><\/p>\n<p style=\"text-align: center;\"><img loading=\"lazy\" decoding=\"async\" class=\"aligncenter size-full wp-image-4272\" src=\"http:\/\/www.chillmistvape.com\/wp-content\/uploads\/2024\/12\/123_07.jpg\" alt=\"\" width=\"1280\" height=\"587\" srcset=\"https:\/\/www.chillmistvape.com\/wp-content\/uploads\/2024\/12\/123_07.jpg 1280w, https:\/\/www.chillmistvape.com\/wp-content\/uploads\/2024\/12\/123_07-300x138.jpg 300w, https:\/\/www.chillmistvape.com\/wp-content\/uploads\/2024\/12\/123_07-1024x470.jpg 1024w, https:\/\/www.chillmistvape.com\/wp-content\/uploads\/2024\/12\/123_07-768x352.jpg 768w, https:\/\/www.chillmistvape.com\/wp-content\/uploads\/2024\/12\/123_07-600x275.jpg 600w\" sizes=\"(max-width: 1280px) 100vw, 1280px\" \/><\/p>\n<p style=\"text-align: center;\"><strong><span style=\"font-family: arial, helvetica, sans-serif; font-size: 18pt; color: #171717;\">Wy\u015bwietlacz opakowania<br \/>\n<\/span><\/strong><span style=\"font-size: 14pt;\"><strong><span style=\"font-family: arial, helvetica, sans-serif; color: #171717;\">Rozmiar: 55 mm * 31 mm * 40 mm<\/span><\/strong><\/span><\/p>\n<p style=\"text-align: center;\"><img loading=\"lazy\" decoding=\"async\" class=\"aligncenter size-full wp-image-4273\" src=\"http:\/\/www.chillmistvape.com\/wp-content\/uploads\/2024\/12\/123_08.jpg\" alt=\"\" width=\"1280\" height=\"802\" srcset=\"https:\/\/www.chillmistvape.com\/wp-content\/uploads\/2024\/12\/123_08.jpg 1280w, https:\/\/www.chillmistvape.com\/wp-content\/uploads\/2024\/12\/123_08-300x188.jpg 300w, https:\/\/www.chillmistvape.com\/wp-content\/uploads\/2024\/12\/123_08-1024x642.jpg 1024w, https:\/\/www.chillmistvape.com\/wp-content\/uploads\/2024\/12\/123_08-768x481.jpg 768w, https:\/\/www.chillmistvape.com\/wp-content\/uploads\/2024\/12\/123_08-600x376.jpg 600w\" sizes=\"(max-width: 1280px) 100vw, 1280px\" \/><\/p>\n<p style=\"text-align: center;\"><strong><span style=\"font-family: arial, helvetica, sans-serif; font-size: 18pt; color: #171717;\">Zape\u0142nione podspecyfikacje:<br \/>\n<\/span><\/strong><span style=\"font-family: arial, helvetica, sans-serif; font-size: 18pt; color: #171717;\"><span style=\"font-size: 14pt;\">Rozmiar: 52 mm * 24,9 mm * 71 mm E-sok Pojemno\u015b\u0107: 16 ml<br \/>\nOdporno\u015b\u0107: DUAL 1.0Q PUFFS: UPTO10000-18000 PUFFS<\/span><\/span><\/p>\n<p style=\"text-align: center;\"><span style=\"font-family: arial, helvetica, sans-serif; font-size: 18pt; color: #171717;\"><span style=\"font-size: 14pt;\">Pojemno\u015b\u0107 baterii: 500MAHS<\/span><\/span><\/p>\n<p style=\"text-align: center;\"><img loading=\"lazy\" decoding=\"async\" class=\"aligncenter size-full wp-image-4274\" src=\"http:\/\/www.chillmistvape.com\/wp-content\/uploads\/2024\/12\/123_09.jpg\" alt=\"\" width=\"1280\" height=\"586\" srcset=\"https:\/\/www.chillmistvape.com\/wp-content\/uploads\/2024\/12\/123_09.jpg 1280w, https:\/\/www.chillmistvape.com\/wp-content\/uploads\/2024\/12\/123_09-300x137.jpg 300w, https:\/\/www.chillmistvape.com\/wp-content\/uploads\/2024\/12\/123_09-1024x469.jpg 1024w, https:\/\/www.chillmistvape.com\/wp-content\/uploads\/2024\/12\/123_09-768x352.jpg 768w, https:\/\/www.chillmistvape.com\/wp-content\/uploads\/2024\/12\/123_09-600x275.jpg 600w\" sizes=\"(max-width: 1280px) 100vw, 1280px\" \/><\/p>\n<p style=\"text-align: center;\"><strong><span style=\"font-family: arial, helvetica, sans-serif; font-size: 18pt; color: #171717;\">Wy\u015bwietlacz opakowania<br \/>\n<\/span><\/strong><span style=\"font-size: 14pt;\"><strong><span style=\"font-family: arial, helvetica, sans-serif; color: #171717;\">Rozmiar: 55 mm * 31 mm * 85 mm<\/span><\/strong><\/span><\/p>\n<p style=\"text-align: center;\"><img loading=\"lazy\" decoding=\"async\" class=\"aligncenter size-full wp-image-4275\" src=\"http:\/\/www.chillmistvape.com\/wp-content\/uploads\/2024\/12\/123_10.jpg\" alt=\"\" width=\"1280\" height=\"671\" srcset=\"https:\/\/www.chillmistvape.com\/wp-content\/uploads\/2024\/12\/123_10.jpg 1280w, https:\/\/www.chillmistvape.com\/wp-content\/uploads\/2024\/12\/123_10-300x157.jpg 300w, https:\/\/www.chillmistvape.com\/wp-content\/uploads\/2024\/12\/123_10-1024x537.jpg 1024w, https:\/\/www.chillmistvape.com\/wp-content\/uploads\/2024\/12\/123_10-768x403.jpg 768w, https:\/\/www.chillmistvape.com\/wp-content\/uploads\/2024\/12\/123_10-600x315.jpg 600w\" sizes=\"(max-width: 1280px) 100vw, 1280px\" \/><\/p>\n<p>&nbsp;<\/p>\n<p>&nbsp;<\/p>","protected":false},"excerpt":{"rendered":"<p>INTELLIGENT VAPEINNOVATIVE TECHNOLOGY FOR PLEASURE VAPING 1000+500MAHBATTERY 2.01202HSCREEN SV25 PREFILLED POD 10000-18000PUFFS PODS THAT CANBE USED ALONE EVEN WITHOUT BATTERY SUPPORT, IT CANSTILL SATISFY YOUR TASTE BUDS &nbsp; INNOVATIVE CALLING,COMMUNICATING WITH CLOUDS The first-ever device features a built-in high-sensitivity Bluetoo.th module that can be perfectlypaired with your phone. Whether it&#8217;s for business negotiations or leisure [&hellip;]<\/p>\n","protected":false},"featured_media":4277,"comment_status":"open","ping_status":"closed","template":"","meta":{"_acf_changed":false},"product_brand":[],"product_cat":[45],"product_tag":[],"class_list":{"0":"post-4265","1":"product","2":"type-product","3":"status-publish","4":"has-post-thumbnail","6":"product_cat-closed-pod-system","8":"first","9":"instock","10":"shipping-taxable","11":"product-type-simple"},"acf":[],"_links":{"self":[{"href":"https:\/\/www.chillmistvape.com\/pl\/wp-json\/wp\/v2\/product\/4265","targetHints":{"allow":["GET"]}}],"collection":[{"href":"https:\/\/www.chillmistvape.com\/pl\/wp-json\/wp\/v2\/product"}],"about":[{"href":"https:\/\/www.chillmistvape.com\/pl\/wp-json\/wp\/v2\/types\/product"}],"replies":[{"embeddable":true,"href":"https:\/\/www.chillmistvape.com\/pl\/wp-json\/wp\/v2\/comments?post=4265"}],"wp:featuredmedia":[{"embeddable":true,"href":"https:\/\/www.chillmistvape.com\/pl\/wp-json\/wp\/v2\/media\/4277"}],"wp:attachment":[{"href":"https:\/\/www.chillmistvape.com\/pl\/wp-json\/wp\/v2\/media?parent=4265"}],"wp:term":[{"taxonomy":"product_brand","embeddable":true,"href":"https:\/\/www.chillmistvape.com\/pl\/wp-json\/wp\/v2\/product_brand?post=4265"},{"taxonomy":"product_cat","embeddable":true,"href":"https:\/\/www.chillmistvape.com\/pl\/wp-json\/wp\/v2\/product_cat?post=4265"},{"taxonomy":"product_tag","embeddable":true,"href":"https:\/\/www.chillmistvape.com\/pl\/wp-json\/wp\/v2\/product_tag?post=4265"}],"curies":[{"name":"WP","href":"https:\/\/api.w.org\/{rel}","templated":true}]}}